{"id":1356,"date":"2025-08-05T16:48:36","date_gmt":"2025-08-05T14:48:36","guid":{"rendered":"http:\/\/testnatur.de\/test.testnatur\/?page_id=1356"},"modified":"2025-11-02T11:38:31","modified_gmt":"2025-11-02T10:38:31","slug":"amphibienteich","status":"publish","type":"page","link":"https:\/\/testnatur.de\/test.testnatur\/biotope\/amphibienteich\/","title":{"rendered":"Amphibienteich"},"content":{"rendered":"\t\t<div data-elementor-type=\"wp-page\" data-elementor-id=\"1356\" class=\"elementor elementor-1356\">\n\t\t\t\t<div class=\"elementor-element elementor-element-f699c35 e-flex e-con-boxed e-con e-parent\" data-id=\"f699c35\" data-element_type=\"container\">\n\t\t\t\t\t<div class=\"e-con-inner\">\n\t\t\t\t<div class=\"elementor-element elementor-element-0e422c6 elementor-widget elementor-widget-heading\" data-id=\"0e422c6\" data-element_type=\"widget\" data-widget_type=\"heading.default\">\n\t\t\t\t<div class=\"elementor-widget-container\">\n\t\t\t\t\t<h1 class=\"elementor-heading-title elementor-size-default\">Amphibienteich<\/h1>\t\t\t\t<\/div>\n\t\t\t\t<\/div>\n\t\t\t\t\t<\/div>\n\t\t\t\t<\/div>\n\t\t<div class=\"elementor-element elementor-element-d0ac8ff e-flex e-con-boxed e-con e-parent\" data-id=\"d0ac8ff\" data-element_type=\"container\">\n\t\t\t\t\t<div class=\"e-con-inner\">\n\t\t\t\t<div class=\"elementor-element elementor-element-c0bf5f8 elementor-widget elementor-widget-text-editor\" data-id=\"c0bf5f8\" data-element_type=\"widget\" data-widget_type=\"text-editor.default\">\n\t\t\t\t<div class=\"elementor-widget-container\">\n\t\t\t\t\t\t\t\t\t<h4>\u00a0<\/h4><h4>2012 Fertigstellung der Leiteinrichtung<\/h4><div><p>Im M\u00e4rz 2012 erfolgte die Einweihung der komplett fertiggestellten Anlage bestehend aus Leiteinrichtungen beidseitig der Stra\u00df und den dazugeh\u00f6rigen Tunneln.\u00a0<\/p><p><a href=\"http:\/\/testnatur.de\/test.testnatur\/wp-content\/uploads\/2025\/08\/Plan_Kroetenleitsystem_2008-scaled.jpg\"><img fetchpriority=\"high\" decoding=\"async\" class=\"aligncenter wp-image-1283\" style=\"font-style: inherit; font-weight: inherit;\" src=\"http:\/\/testnatur.de\/test.testnatur\/wp-content\/uploads\/2025\/08\/Plan_Kroetenleitsystem_2008-scaled.jpg\" alt=\"Planungsstand 2008 f\u00fcr das Amphibienleitsystem und die Tunnel unter der Kreis Stra\u00dfe\" width=\"333\" height=\"287\" srcset=\"https:\/\/testnatur.de\/test.testnatur\/wp-content\/uploads\/2025\/08\/Plan_Kroetenleitsystem_2008-scaled.jpg 2560w, https:\/\/testnatur.de\/test.testnatur\/wp-content\/uploads\/2025\/08\/Plan_Kroetenleitsystem_2008-300x259.jpg 300w, https:\/\/testnatur.de\/test.testnatur\/wp-content\/uploads\/2025\/08\/Plan_Kroetenleitsystem_2008-1024x884.jpg 1024w, https:\/\/testnatur.de\/test.testnatur\/wp-content\/uploads\/2025\/08\/Plan_Kroetenleitsystem_2008-768x663.jpg 768w, https:\/\/testnatur.de\/test.testnatur\/wp-content\/uploads\/2025\/08\/Plan_Kroetenleitsystem_2008-1536x1325.jpg 1536w, https:\/\/testnatur.de\/test.testnatur\/wp-content\/uploads\/2025\/08\/Plan_Kroetenleitsystem_2008-2048x1767.jpg 2048w\" sizes=\"(max-width: 333px) 100vw, 333px\" \/><\/a><\/p><\/div><h4>2008 Tunnel mit Leiteinrichtung<\/h4><div><p>Im Jahre 2008 war es soweit. Es waren zwei Tunnel unter der Stra\u00dfe errichtet worden, die den Amphibien ein gefahrloses wechseln der Stra\u00dfenseite erm\u00f6glichte. Die Leiteinrichtung war zu diesem Zeitpunkt leider noch nicht vollst\u00e4ndig fertiggestellt, s<span style=\"font-size: 16px;\">o dass weiterhin Z\u00e4une errichtet werden mussten.<\/span><\/p><p><a href=\"http:\/\/testnatur.de\/test.testnatur\/wp-content\/uploads\/2025\/08\/Querschnitt_Kroetenleitsystem_2008-scaled.jpg\"><img decoding=\"async\" class=\"aligncenter wp-image-1282 \" src=\"http:\/\/testnatur.de\/test.testnatur\/wp-content\/uploads\/2025\/08\/Querschnitt_Kroetenleitsystem_2008-scaled.jpg\" alt=\"Planungsstand 2008 f\u00fcr Amphibienleitsystem, Querschnittszeichnung\" width=\"421\" height=\"367\" srcset=\"https:\/\/testnatur.de\/test.testnatur\/wp-content\/uploads\/2025\/08\/Querschnitt_Kroetenleitsystem_2008-scaled.jpg 2560w, https:\/\/testnatur.de\/test.testnatur\/wp-content\/uploads\/2025\/08\/Querschnitt_Kroetenleitsystem_2008-300x261.jpg 300w, https:\/\/testnatur.de\/test.testnatur\/wp-content\/uploads\/2025\/08\/Querschnitt_Kroetenleitsystem_2008-1024x891.jpg 1024w, https:\/\/testnatur.de\/test.testnatur\/wp-content\/uploads\/2025\/08\/Querschnitt_Kroetenleitsystem_2008-768x668.jpg 768w, https:\/\/testnatur.de\/test.testnatur\/wp-content\/uploads\/2025\/08\/Querschnitt_Kroetenleitsystem_2008-1536x1336.jpg 1536w, https:\/\/testnatur.de\/test.testnatur\/wp-content\/uploads\/2025\/08\/Querschnitt_Kroetenleitsystem_2008-2048x1782.jpg 2048w\" sizes=\"(max-width: 421px) 100vw, 421px\" \/><\/a><\/p><\/div><h4>1996 Anlage des Teiches<\/h4><p><span style=\"font-style: inherit; font-weight: inherit;\">Im Zuge der Erschlie\u00dfung des Neubaugebiets &#8222;Retzberg&#8220; wurden in den Feuchtwiesen im Gewann Retzberg zwei Retentionsbecken und ein Amphibienteich angelegt.<br \/>Der abgedichteter Amphibienteich liegt in unmittelbarer N\u00e4he der viel befahrenen K3553.<\/span><\/p><p>Der Amphibien-Experte Ernst Frey hatte vorhergesehen, dass die Amphibien nicht lange auf sich warten lassen w\u00fcrden und das Gew\u00e4sser als Laichplatz nutzen w\u00fcrden.<\/p><p>So ist es gekommen! <br \/>Aus den \u00dcberwinterungsgebieten der W\u00e4lder in der Umgebung kamen haupts\u00e4chlich Erdkr\u00f6ten und Grasfr\u00f6sche in Massen. Um zum Teich zu kommen, mussten viele von ihnen die Stra\u00dfe \u00fcberqueren. In einer Eilaktion hat der Verein seine Mitglieder aktiviert, sie gingen immer zu Zweit mit Eimern an den von ihnen aufgestellten Z\u00e4unen entlang, sammelten die Tiere ein und lie\u00dfen sie auf der jeweils anderen Stra\u00dfenseite wieder ins Gras.<br \/>Denn die Tiere wandern zweimal, hin zum Laichen und wieder zur\u00fcck in die Sommerhabitate.<br \/>Der Verein dr\u00e4ngte die verantwortlichen Stellen dazu eine Tunnel unter Stra\u00dfe und Amphibienleitanlage auf beiden Seiten der Stra\u00dfe zu bauen.<\/p>\t\t\t\t\t\t\t\t<\/div>\n\t\t\t\t<\/div>\n\t\t\t\t\t<\/div>\n\t\t\t\t<\/div>\n\t\t<div class=\"elementor-element elementor-element-f166431 e-flex e-con-boxed e-con e-parent\" data-id=\"f166431\" data-element_type=\"container\">\n\t\t\t\t\t<div class=\"e-con-inner\">\n\t\t\t\t<div class=\"elementor-element elementor-element-abc3778 elementor-arrows-position-inside elementor-pagination-position-outside elementor-widget elementor-widget-image-carousel\" data-id=\"abc3778\" data-element_type=\"widget\" data-settings=\"{&quot;navigation&quot;:&quot;both&quot;,&quot;autoplay&quot;:&quot;yes&quot;,&quot;pause_on_hover&quot;:&quot;yes&quot;,&quot;pause_on_interaction&quot;:&quot;yes&quot;,&quot;autoplay_speed&quot;:5000,&quot;infinite&quot;:&quot;yes&quot;,&quot;speed&quot;:500}\" data-widget_type=\"image-carousel.default\">\n\t\t\t\t<div class=\"elementor-widget-container\">\n\t\t\t\t\t\t\t<div class=\"elementor-image-carousel-wrapper swiper\" role=\"region\" aria-roledescription=\"carousel\" aria-label=\"Bild Karussell\" dir=\"ltr\">\n\t\t\t<div class=\"elementor-image-carousel swiper-wrapper\" aria-live=\"off\">\n\t\t\t\t\t\t\t\t<div class=\"swiper-slide\" role=\"group\" aria-roledescription=\"slide\" aria-label=\"1 von 8\"><figure class=\"swiper-slide-inner\"><img decoding=\"async\" class=\"swiper-slide-image\" src=\"https:\/\/testnatur.de\/test.testnatur\/wp-content\/uploads\/2025\/08\/amphibien_im_rettungskasten_600-1-300x225.jpg\" alt=\"Amphibie sammeln sich im Rettungskasten\" \/><figcaption class=\"elementor-image-carousel-caption\">Rettungskasten f\u00fcr die Amphibien<\/figcaption><\/figure><\/div><div class=\"swiper-slide\" role=\"group\" aria-roledescription=\"slide\" aria-label=\"2 von 8\"><figure class=\"swiper-slide-inner\"><img decoding=\"async\" class=\"swiper-slide-image\" src=\"https:\/\/testnatur.de\/test.testnatur\/wp-content\/uploads\/2025\/08\/amphibien_laichteich_600-300x225.jpg\" alt=\"So sah der Teich 2007 aus\" \/><figcaption class=\"elementor-image-carousel-caption\">\tLaichteich<\/figcaption><\/figure><\/div><div class=\"swiper-slide\" role=\"group\" aria-roledescription=\"slide\" aria-label=\"3 von 8\"><figure class=\"swiper-slide-inner\"><img decoding=\"async\" class=\"swiper-slide-image\" src=\"https:\/\/testnatur.de\/test.testnatur\/wp-content\/uploads\/2025\/08\/ein_voller_eimer_600-300x225.jpg\" alt=\"eingesammelte Kr\u00f6ten in einem Eimer\" \/><figcaption class=\"elementor-image-carousel-caption\">Eimer voller Kr\u00f6ten<\/figcaption><\/figure><\/div><div class=\"swiper-slide\" role=\"group\" aria-roledescription=\"slide\" aria-label=\"4 von 8\"><figure class=\"swiper-slide-inner\"><img decoding=\"async\" class=\"swiper-slide-image\" src=\"https:\/\/testnatur.de\/test.testnatur\/wp-content\/uploads\/2025\/08\/einweihung_infoschild_600-300x225.jpg\" alt=\"Einweihung des Infoschildes\" \/><figcaption class=\"elementor-image-carousel-caption\">Infoschild<\/figcaption><\/figure><\/div><div class=\"swiper-slide\" role=\"group\" aria-roledescription=\"slide\" aria-label=\"5 von 8\"><figure class=\"swiper-slide-inner\"><img decoding=\"async\" class=\"swiper-slide-image\" src=\"https:\/\/testnatur.de\/test.testnatur\/wp-content\/uploads\/2025\/08\/erdkroeten-paerchen_600-300x225.jpg\" alt=\"ein Helfer h\u00e4lt ein Erdkr\u00f6ten P\u00e4rchen auf der Hand\" \/><figcaption class=\"elementor-image-carousel-caption\">Erdkr\u00f6tenp\u00e4rchen<\/figcaption><\/figure><\/div><div class=\"swiper-slide\" role=\"group\" aria-roledescription=\"slide\" aria-label=\"6 von 8\"><figure class=\"swiper-slide-inner\"><img decoding=\"async\" class=\"swiper-slide-image\" src=\"https:\/\/testnatur.de\/test.testnatur\/wp-content\/uploads\/2025\/08\/mobiler_zaun_vor_dem_abbau_600-300x225.jpg\" alt=\"Mobiler Zaun vor dem Abbau\" \/><figcaption class=\"elementor-image-carousel-caption\">mobiler Zaun<\/figcaption><\/figure><\/div><div class=\"swiper-slide\" role=\"group\" aria-roledescription=\"slide\" aria-label=\"7 von 8\"><figure class=\"swiper-slide-inner\"><img decoding=\"async\" class=\"swiper-slide-image\" src=\"https:\/\/testnatur.de\/test.testnatur\/wp-content\/uploads\/2025\/08\/einweihung_presse_und_2_vorstand_600-225x300.jpg\" alt=\"Einweihung der Teichanlage im Beisein der Presse und 2. Vorstand\" \/><\/figure><\/div><div class=\"swiper-slide\" role=\"group\" aria-roledescription=\"slide\" aria-label=\"8 von 8\"><figure class=\"swiper-slide-inner\"><img decoding=\"async\" class=\"swiper-slide-image\" src=\"https:\/\/testnatur.de\/test.testnatur\/wp-content\/uploads\/2025\/08\/ueberfahrene_amphibien_600-258x300.jpg\" alt=\"\u00dcberfahrene Amphibien\" \/><figcaption class=\"elementor-image-carousel-caption\">\u00dcberfahrene Amphibien<\/figcaption><\/figure><\/div>\t\t\t<\/div>\n\t\t\t\t\t\t\t\t\t\t\t\t<div class=\"elementor-swiper-button elementor-swiper-button-prev\" role=\"button\" tabindex=\"0\">\n\t\t\t\t\t\t<svg aria-hidden=\"true\" class=\"e-font-icon-svg e-eicon-chevron-left\" viewBox=\"0 0 1000 1000\" xmlns=\"http:\/\/www.w3.org\/2000\/svg\"><path d=\"M646 125C629 125 613 133 604 142L308 442C296 454 292 471 292 487 292 504 296 521 308 533L604 854C617 867 629 875 646 875 663 875 679 871 692 858 704 846 713 829 713 812 713 796 708 779 692 767L438 487 692 225C700 217 708 204 708 187 708 171 704 154 692 142 675 129 663 125 646 125Z\"><\/path><\/svg>\t\t\t\t\t<\/div>\n\t\t\t\t\t<div class=\"elementor-swiper-button elementor-swiper-button-next\" role=\"button\" tabindex=\"0\">\n\t\t\t\t\t\t<svg aria-hidden=\"true\" class=\"e-font-icon-svg e-eicon-chevron-right\" viewBox=\"0 0 1000 1000\" xmlns=\"http:\/\/www.w3.org\/2000\/svg\"><path d=\"M696 533C708 521 713 504 713 487 713 471 708 454 696 446L400 146C388 133 375 125 354 125 338 125 325 129 313 142 300 154 292 171 292 187 292 204 296 221 308 233L563 492 304 771C292 783 288 800 288 817 288 833 296 850 308 863 321 871 338 875 354 875 371 875 388 867 400 854L696 533Z\"><\/path><\/svg>\t\t\t\t\t<\/div>\n\t\t\t\t\n\t\t\t\t\t\t\t\t\t<div class=\"swiper-pagination\"><\/div>\n\t\t\t\t\t\t\t\t\t<\/div>\n\t\t\t\t\t\t<\/div>\n\t\t\t\t<\/div>\n\t\t\t\t\t<\/div>\n\t\t\t\t<\/div>\n\t\t\t\t<\/div>\n\t\t","protected":false},"excerpt":{"rendered":"<p>Amphibienteich \u00a0 2012 Fertigstellung der Leiteinrichtung Im M\u00e4rz 2012 erfolgte die Einweihung der komplett fertiggestellten Anlage bestehend aus Leiteinrichtungen beidseitig der Stra\u00df und den dazugeh\u00f6rigen Tunneln.\u00a0 2008 Tunnel mit Leiteinrichtung [&hellip;]<\/p>\n","protected":false},"author":5,"featured_media":0,"parent":1442,"menu_order":2,"comment_status":"closed","ping_status":"closed","template":"","meta":{"_uag_custom_page_level_css":"","site-sidebar-layout":"no-sidebar","site-content-layout":"","ast-site-content-layout":"full-width-container","site-content-style":"default","site-sidebar-style":"default","ast-global-header-display":"","ast-banner-title-visibility":"","ast-main-header-display":"","ast-hfb-above-header-display":"","ast-hfb-below-header-display":"","ast-hfb-mobile-header-display":"","site-post-title":"disabled","ast-breadcrumbs-content":"","ast-featured-img":"disabled","footer-sml-layout":"","theme-transparent-header-meta":"","adv-header-id-meta":"","stick-header-meta":"","header-above-stick-meta":"","header-main-stick-meta":"","header-below-stick-meta":"","astra-migrate-meta-layouts":"default","ast-page-background-enabled":"default","ast-page-background-meta":{"desktop":{"background-color":"var(--ast-global-color-5)","background-image":"","background-repeat":"repeat","background-position":"center center","background-size":"auto","background-attachment":"scroll","background-type":"","background-media":"","overlay-type":"","overlay-color":"","overlay-opacity":"","overlay-gradient":""},"tablet":{"background-color":"","background-image":"","background-repeat":"repeat","background-position":"center center","background-size":"auto","background-attachment":"scroll","background-type":"","background-media":"","overlay-type":"","overlay-color":"","overlay-opacity":"","overlay-gradient":""},"mobile":{"background-color":"","background-image":"","background-repeat":"repeat","background-position":"center center","background-size":"auto","background-attachment":"scroll","background-type":"","background-media":"","overlay-type":"","overlay-color":"","overlay-opacity":"","overlay-gradient":""}},"ast-content-background-meta":{"desktop":{"background-color":"var(--ast-global-color-4)","background-image":"","background-repeat":"repeat","background-position":"center center","background-size":"auto","background-attachment":"scroll","background-type":"","background-media":"","overlay-type":"","overlay-color":"","overlay-opacity":"","overlay-gradient":""},"tablet":{"background-color":"var(--ast-global-color-4)","background-image":"","background-repeat":"repeat","background-position":"center center","background-size":"auto","background-attachment":"scroll","background-type":"","background-media":"","overlay-type":"","overlay-color":"","overlay-opacity":"","overlay-gradient":""},"mobile":{"background-color":"var(--ast-global-color-4)","background-image":"","background-repeat":"repeat","background-position":"center center","background-size":"auto","background-attachment":"scroll","background-type":"","background-media":"","overlay-type":"","overlay-color":"","overlay-opacity":"","overlay-gradient":""}},"footnotes":""},"class_list":["post-1356","page","type-page","status-publish","hentry"],"yoast_head":"<!-- This site is optimized with the Yoast SEO plugin v25.6 - https:\/\/yoast.com\/wordpress\/plugins\/seo\/ -->\n<title>Amphibienteich - Naturerhaltung und Heimatpflege Sch\u00f6llbronn e.V.<\/title>\n<meta name=\"robots\" content=\"noindex, follow, max-snippet:-1, max-image-preview:large, max-video-preview:-1\" \/>\n<meta property=\"og:locale\" content=\"de_DE\" \/>\n<meta property=\"og:type\" content=\"article\" \/>\n<meta property=\"og:title\" content=\"Amphibienteich - Naturerhaltung und Heimatpflege Sch\u00f6llbronn e.V.\" \/>\n<meta property=\"og:description\" content=\"Amphibienteich \u00a0 2012 Fertigstellung der Leiteinrichtung Im M\u00e4rz 2012 erfolgte die Einweihung der komplett fertiggestellten Anlage bestehend aus Leiteinrichtungen beidseitig der Stra\u00df und den dazugeh\u00f6rigen Tunneln.\u00a0 2008 Tunnel mit Leiteinrichtung [&hellip;]\" \/>\n<meta property=\"og:url\" content=\"http:\/\/testnatur.de\/test.testnatur\/biotope\/amphibienteich\/\" \/>\n<meta property=\"og:site_name\" content=\"Naturerhaltung und Heimatpflege Sch\u00f6llbronn e.V.\" \/>\n<meta property=\"article:modified_time\" content=\"2025-11-02T10:38:31+00:00\" \/>\n<meta property=\"og:image\" content=\"http:\/\/testnatur.de\/test.testnatur\/wp-content\/uploads\/2025\/08\/Plan_Kroetenleitsystem_2008-scaled.jpg\" \/>\n<meta name=\"twitter:card\" content=\"summary_large_image\" \/>\n<meta name=\"twitter:label1\" content=\"Gesch\u00e4tzte Lesezeit\" \/>\n\t<meta name=\"twitter:data1\" content=\"5\u00a0Minuten\" \/>\n<script type=\"application\/ld+json\" class=\"yoast-schema-graph\">{\"@context\":\"https:\/\/schema.org\",\"@graph\":[{\"@type\":\"WebPage\",\"@id\":\"http:\/\/testnatur.de\/test.testnatur\/biotope\/amphibienteich\/\",\"url\":\"http:\/\/testnatur.de\/test.testnatur\/biotope\/amphibienteich\/\",\"name\":\"Amphibienteich - Naturerhaltung und Heimatpflege Sch\u00f6llbronn e.V.\",\"isPartOf\":{\"@id\":\"http:\/\/testnatur.de\/test.testnatur\/#website\"},\"primaryImageOfPage\":{\"@id\":\"http:\/\/testnatur.de\/test.testnatur\/biotope\/amphibienteich\/#primaryimage\"},\"image\":{\"@id\":\"http:\/\/testnatur.de\/test.testnatur\/biotope\/amphibienteich\/#primaryimage\"},\"thumbnailUrl\":\"http:\/\/testnatur.de\/test.testnatur\/wp-content\/uploads\/2025\/08\/Plan_Kroetenleitsystem_2008-scaled.jpg\",\"datePublished\":\"2025-08-05T14:48:36+00:00\",\"dateModified\":\"2025-11-02T10:38:31+00:00\",\"breadcrumb\":{\"@id\":\"http:\/\/testnatur.de\/test.testnatur\/biotope\/amphibienteich\/#breadcrumb\"},\"inLanguage\":\"de\",\"potentialAction\":[{\"@type\":\"ReadAction\",\"target\":[\"http:\/\/testnatur.de\/test.testnatur\/biotope\/amphibienteich\/\"]}]},{\"@type\":\"ImageObject\",\"inLanguage\":\"de\",\"@id\":\"http:\/\/testnatur.de\/test.testnatur\/biotope\/amphibienteich\/#primaryimage\",\"url\":\"https:\/\/testnatur.de\/test.testnatur\/wp-content\/uploads\/2025\/08\/Plan_Kroetenleitsystem_2008-scaled.jpg\",\"contentUrl\":\"https:\/\/testnatur.de\/test.testnatur\/wp-content\/uploads\/2025\/08\/Plan_Kroetenleitsystem_2008-scaled.jpg\",\"width\":2560,\"height\":2209,\"caption\":\"Planungsstand 2008 f\u00fcr das Amphibienleitsystem und die Tunnel unter der Kreis Stra\u00dfe\"},{\"@type\":\"BreadcrumbList\",\"@id\":\"http:\/\/testnatur.de\/test.testnatur\/biotope\/amphibienteich\/#breadcrumb\",\"itemListElement\":[{\"@type\":\"ListItem\",\"position\":1,\"name\":\"Startseite\",\"item\":\"http:\/\/testnatur.de\/test.testnatur\/\"},{\"@type\":\"ListItem\",\"position\":2,\"name\":\"Biotope\",\"item\":\"http:\/\/testnatur.de\/test.testnatur\/biotope\/\"},{\"@type\":\"ListItem\",\"position\":3,\"name\":\"Amphibienteich\"}]},{\"@type\":\"WebSite\",\"@id\":\"http:\/\/testnatur.de\/test.testnatur\/#website\",\"url\":\"http:\/\/testnatur.de\/test.testnatur\/\",\"name\":\"Naturerhaltung und Heimatpflege Sch\u00f6llbronn e.V.\",\"description\":\"Zeit f\u00fcr die Natur\",\"publisher\":{\"@id\":\"http:\/\/testnatur.de\/test.testnatur\/#organization\"},\"potentialAction\":[{\"@type\":\"SearchAction\",\"target\":{\"@type\":\"EntryPoint\",\"urlTemplate\":\"http:\/\/testnatur.de\/test.testnatur\/?s={search_term_string}\"},\"query-input\":{\"@type\":\"PropertyValueSpecification\",\"valueRequired\":true,\"valueName\":\"search_term_string\"}}],\"inLanguage\":\"de\"},{\"@type\":\"Organization\",\"@id\":\"http:\/\/testnatur.de\/test.testnatur\/#organization\",\"name\":\"Naturerhaltung und Heimatpflege Sch\u00f6llbronn e.V.\",\"url\":\"http:\/\/testnatur.de\/test.testnatur\/\",\"logo\":{\"@type\":\"ImageObject\",\"inLanguage\":\"de\",\"@id\":\"http:\/\/testnatur.de\/test.testnatur\/#\/schema\/logo\/image\/\",\"url\":\"https:\/\/testnatur.de\/test.testnatur\/wp-content\/uploads\/2025\/07\/cropped-cropped-cropped-Unbenannt.png\",\"contentUrl\":\"https:\/\/testnatur.de\/test.testnatur\/wp-content\/uploads\/2025\/07\/cropped-cropped-cropped-Unbenannt.png\",\"width\":512,\"height\":512,\"caption\":\"Naturerhaltung und Heimatpflege Sch\u00f6llbronn e.V.\"},\"image\":{\"@id\":\"http:\/\/testnatur.de\/test.testnatur\/#\/schema\/logo\/image\/\"}}]}<\/script>\n<!-- \/ Yoast SEO plugin. -->","yoast_head_json":{"title":"Amphibienteich - Naturerhaltung und Heimatpflege Sch\u00f6llbronn e.V.","robots":{"index":"noindex","follow":"follow","max-snippet":"max-snippet:-1","max-image-preview":"max-image-preview:large","max-video-preview":"max-video-preview:-1"},"og_locale":"de_DE","og_type":"article","og_title":"Amphibienteich - Naturerhaltung und Heimatpflege Sch\u00f6llbronn e.V.","og_description":"Amphibienteich \u00a0 2012 Fertigstellung der Leiteinrichtung Im M\u00e4rz 2012 erfolgte die Einweihung der komplett fertiggestellten Anlage bestehend aus Leiteinrichtungen beidseitig der Stra\u00df und den dazugeh\u00f6rigen Tunneln.\u00a0 2008 Tunnel mit Leiteinrichtung [&hellip;]","og_url":"http:\/\/testnatur.de\/test.testnatur\/biotope\/amphibienteich\/","og_site_name":"Naturerhaltung und Heimatpflege Sch\u00f6llbronn e.V.","article_modified_time":"2025-11-02T10:38:31+00:00","og_image":[{"url":"http:\/\/testnatur.de\/test.testnatur\/wp-content\/uploads\/2025\/08\/Plan_Kroetenleitsystem_2008-scaled.jpg","type":"","width":"","height":""}],"twitter_card":"summary_large_image","twitter_misc":{"Gesch\u00e4tzte Lesezeit":"5\u00a0Minuten"},"schema":{"@context":"https:\/\/schema.org","@graph":[{"@type":"WebPage","@id":"http:\/\/testnatur.de\/test.testnatur\/biotope\/amphibienteich\/","url":"http:\/\/testnatur.de\/test.testnatur\/biotope\/amphibienteich\/","name":"Amphibienteich - Naturerhaltung und Heimatpflege Sch\u00f6llbronn e.V.","isPartOf":{"@id":"http:\/\/testnatur.de\/test.testnatur\/#website"},"primaryImageOfPage":{"@id":"http:\/\/testnatur.de\/test.testnatur\/biotope\/amphibienteich\/#primaryimage"},"image":{"@id":"http:\/\/testnatur.de\/test.testnatur\/biotope\/amphibienteich\/#primaryimage"},"thumbnailUrl":"http:\/\/testnatur.de\/test.testnatur\/wp-content\/uploads\/2025\/08\/Plan_Kroetenleitsystem_2008-scaled.jpg","datePublished":"2025-08-05T14:48:36+00:00","dateModified":"2025-11-02T10:38:31+00:00","breadcrumb":{"@id":"http:\/\/testnatur.de\/test.testnatur\/biotope\/amphibienteich\/#breadcrumb"},"inLanguage":"de","potentialAction":[{"@type":"ReadAction","target":["http:\/\/testnatur.de\/test.testnatur\/biotope\/amphibienteich\/"]}]},{"@type":"ImageObject","inLanguage":"de","@id":"http:\/\/testnatur.de\/test.testnatur\/biotope\/amphibienteich\/#primaryimage","url":"https:\/\/testnatur.de\/test.testnatur\/wp-content\/uploads\/2025\/08\/Plan_Kroetenleitsystem_2008-scaled.jpg","contentUrl":"https:\/\/testnatur.de\/test.testnatur\/wp-content\/uploads\/2025\/08\/Plan_Kroetenleitsystem_2008-scaled.jpg","width":2560,"height":2209,"caption":"Planungsstand 2008 f\u00fcr das Amphibienleitsystem und die Tunnel unter der Kreis Stra\u00dfe"},{"@type":"BreadcrumbList","@id":"http:\/\/testnatur.de\/test.testnatur\/biotope\/amphibienteich\/#breadcrumb","itemListElement":[{"@type":"ListItem","position":1,"name":"Startseite","item":"http:\/\/testnatur.de\/test.testnatur\/"},{"@type":"ListItem","position":2,"name":"Biotope","item":"http:\/\/testnatur.de\/test.testnatur\/biotope\/"},{"@type":"ListItem","position":3,"name":"Amphibienteich"}]},{"@type":"WebSite","@id":"http:\/\/testnatur.de\/test.testnatur\/#website","url":"http:\/\/testnatur.de\/test.testnatur\/","name":"Naturerhaltung und Heimatpflege Sch\u00f6llbronn e.V.","description":"Zeit f\u00fcr die Natur","publisher":{"@id":"http:\/\/testnatur.de\/test.testnatur\/#organization"},"potentialAction":[{"@type":"SearchAction","target":{"@type":"EntryPoint","urlTemplate":"http:\/\/testnatur.de\/test.testnatur\/?s={search_term_string}"},"query-input":{"@type":"PropertyValueSpecification","valueRequired":true,"valueName":"search_term_string"}}],"inLanguage":"de"},{"@type":"Organization","@id":"http:\/\/testnatur.de\/test.testnatur\/#organization","name":"Naturerhaltung und Heimatpflege Sch\u00f6llbronn e.V.","url":"http:\/\/testnatur.de\/test.testnatur\/","logo":{"@type":"ImageObject","inLanguage":"de","@id":"http:\/\/testnatur.de\/test.testnatur\/#\/schema\/logo\/image\/","url":"https:\/\/testnatur.de\/test.testnatur\/wp-content\/uploads\/2025\/07\/cropped-cropped-cropped-Unbenannt.png","contentUrl":"https:\/\/testnatur.de\/test.testnatur\/wp-content\/uploads\/2025\/07\/cropped-cropped-cropped-Unbenannt.png","width":512,"height":512,"caption":"Naturerhaltung und Heimatpflege Sch\u00f6llbronn e.V."},"image":{"@id":"http:\/\/testnatur.de\/test.testnatur\/#\/schema\/logo\/image\/"}}]}},"uagb_featured_image_src":{"full":false,"thumbnail":false,"medium":false,"medium_large":false,"large":false,"1536x1536":false,"2048x2048":false},"uagb_author_info":{"display_name":"FaMinPe","author_link":"https:\/\/testnatur.de\/test.testnatur\/author\/faminpe\/"},"uagb_comment_info":0,"uagb_excerpt":"Amphibienteich \u00a0 2012 Fertigstellung der Leiteinrichtung Im M\u00e4rz 2012 erfolgte die Einweihung der komplett fertiggestellten Anlage bestehend aus Leiteinrichtungen beidseitig der Stra\u00df und den dazugeh\u00f6rigen Tunneln.\u00a0 2008 Tunnel mit Leiteinrichtung [&hellip;]","_links":{"self":[{"href":"https:\/\/testnatur.de\/test.testnatur\/wp-json\/wp\/v2\/pages\/1356","targetHints":{"allow":["GET"]}}],"collection":[{"href":"https:\/\/testnatur.de\/test.testnatur\/wp-json\/wp\/v2\/pages"}],"about":[{"href":"https:\/\/testnatur.de\/test.testnatur\/wp-json\/wp\/v2\/types\/page"}],"author":[{"embeddable":true,"href":"https:\/\/testnatur.de\/test.testnatur\/wp-json\/wp\/v2\/users\/5"}],"replies":[{"embeddable":true,"href":"https:\/\/testnatur.de\/test.testnatur\/wp-json\/wp\/v2\/comments?post=1356"}],"version-history":[{"count":27,"href":"https:\/\/testnatur.de\/test.testnatur\/wp-json\/wp\/v2\/pages\/1356\/revisions"}],"predecessor-version":[{"id":2636,"href":"https:\/\/testnatur.de\/test.testnatur\/wp-json\/wp\/v2\/pages\/1356\/revisions\/2636"}],"up":[{"embeddable":true,"href":"https:\/\/testnatur.de\/test.testnatur\/wp-json\/wp\/v2\/pages\/1442"}],"wp:attachment":[{"href":"https:\/\/testnatur.de\/test.testnatur\/wp-json\/wp\/v2\/media?parent=1356"}],"curies":[{"name":"wp","href":"https:\/\/api.w.org\/{rel}","templated":true}]}}