{"id":1394,"date":"2025-08-05T18:26:28","date_gmt":"2025-08-05T16:26:28","guid":{"rendered":"http:\/\/testnatur.de\/test.testnatur\/?page_id=1394"},"modified":"2025-08-22T16:38:05","modified_gmt":"2025-08-22T14:38:05","slug":"ueber-uns","status":"publish","type":"page","link":"https:\/\/testnatur.de\/test.testnatur\/verein\/ueber-uns\/","title":{"rendered":"\u00dcber uns"},"content":{"rendered":"\t\t<div data-elementor-type=\"wp-page\" data-elementor-id=\"1394\" class=\"elementor elementor-1394\">\n\t\t\t\t<div class=\"elementor-element elementor-element-d123058 e-flex e-con-boxed e-con e-parent\" data-id=\"d123058\" data-element_type=\"container\">\n\t\t\t\t\t<div class=\"e-con-inner\">\n\t\t\t\t<div class=\"elementor-element elementor-element-7245e73 elementor-widget elementor-widget-heading\" data-id=\"7245e73\" data-element_type=\"widget\" data-widget_type=\"heading.default\">\n\t\t\t\t<div class=\"elementor-widget-container\">\n\t\t\t\t\t<h1 class=\"elementor-heading-title elementor-size-default\">\u00dcber uns<\/h1>\t\t\t\t<\/div>\n\t\t\t\t<\/div>\n\t\t\t\t\t<\/div>\n\t\t\t\t<\/div>\n\t\t<div class=\"elementor-element elementor-element-904cd17 e-flex e-con-boxed e-con e-parent\" data-id=\"904cd17\" data-element_type=\"container\">\n\t\t\t\t\t<div class=\"e-con-inner\">\n\t\t\t\t<div class=\"elementor-element elementor-element-5e37bab elementor-widget elementor-widget-text-editor\" data-id=\"5e37bab\" data-element_type=\"widget\" data-widget_type=\"text-editor.default\">\n\t\t\t\t<div class=\"elementor-widget-container\">\n\t\t\t\t\t\t\t\t\t<p>Liebe Naturfreunde,<\/p><p>Sie wohnen in Sch\u00f6llbronn, sind vielleicht mit Ihrer Familie in unseren Ort gezogen, weil die sch\u00f6ne Umgebung Ihnen gefallen hat. <br \/>Unser Verein wurde 1990 gegr\u00fcndet. Wir haben es uns zur Aufgabe gemacht, die nat\u00fcrliche und kulturell gewachsene Landschaft auf der Gemarkung der Ortschaft Sch\u00f6llbronn zu erhalten und Ma\u00dfnahmen zu ergreifen, die geeignet sind, das nat\u00fcrliche Gleichgewicht wieder herzustellen, zu erhalten und zu verbessern.<br \/>Wir informieren \u00fcber geplante Ma\u00dfnahmen der Gemeinde und anderer Beh\u00f6rden und nehmen Einfluss auf Planung und Ausf\u00fchrung von Eingriffen. Wir pflanzen einheimische Str\u00e4ucher, stellen Nistk\u00e4sten auf und pflegen unsere Biotope.<br \/>Im Rahmen der Heimatpflege kam 2025 das Projekt &#8222;Wasser.Wald.Wiese. -Sch\u00f6llbronner Runde mit Herz&#8220; hinzu. Im Rahmen dieses Projektes wird ein Rundweg um Sch\u00f6llbronn geplant und realisiert.<br \/><strong><br \/>Wir treffen uns regelm\u00e4\u00dfig Montags um die aktuellen Themen zu besprechen. Die n\u00e4chsten Termine finden sie <a href=\"http:\/\/testnatur.de\/test.testnatur\/events\/\">hier<\/a>\u00a0oder auch im Amtsblatt<\/strong><\/p><p>Wir w\u00fcrden uns freuen, Sie bei uns begr\u00fc\u00dfen zu d\u00fcrfen,\u00a0 als Helfer bei unseren Projekten und Pflegema\u00dfnahmen oder auch gerne als <a href=\"http:\/\/testnatur.de\/test.testnatur\/verein\/beitrittsformular\/\">neues Mitglied<\/a><\/p>\t\t\t\t\t\t\t\t<\/div>\n\t\t\t\t<\/div>\n\t\t\t\t\t<\/div>\n\t\t\t\t<\/div>\n\t\t\t\t<\/div>\n\t\t","protected":false},"excerpt":{"rendered":"<p>\u00dcber uns Liebe Naturfreunde, Sie wohnen in Sch\u00f6llbronn, sind vielleicht mit Ihrer Familie in unseren Ort gezogen, weil die sch\u00f6ne Umgebung Ihnen gefallen hat. Unser Verein wurde 1990 gegr\u00fcndet. Wir [&hellip;]<\/p>\n","protected":false},"author":5,"featured_media":0,"parent":1420,"menu_order":4,"comment_status":"closed","ping_status":"closed","template":"","meta":{"_uag_custom_page_level_css":"","site-sidebar-layout":"no-sidebar","site-content-layout":"","ast-site-content-layout":"full-width-container","site-content-style":"default","site-sidebar-style":"default","ast-global-header-display":"","ast-banner-title-visibility":"","ast-main-header-display":"","ast-hfb-above-header-display":"","ast-hfb-below-header-display":"","ast-hfb-mobile-header-display":"","site-post-title":"disabled","ast-breadcrumbs-content":"","ast-featured-img":"disabled","footer-sml-layout":"","theme-transparent-header-meta":"","adv-header-id-meta":"","stick-header-meta":"","header-above-stick-meta":"","header-main-stick-meta":"","header-below-stick-meta":"","astra-migrate-meta-layouts":"default","ast-page-background-enabled":"default","ast-page-background-meta":{"desktop":{"background-color":"var(--ast-global-color-5)","background-image":"","background-repeat":"repeat","background-position":"center center","background-size":"auto","background-attachment":"scroll","background-type":"","background-media":"","overlay-type":"","overlay-color":"","overlay-opacity":"","overlay-gradient":""},"tablet":{"background-color":"","background-image":"","background-repeat":"repeat","background-position":"center center","background-size":"auto","background-attachment":"scroll","background-type":"","background-media":"","overlay-type":"","overlay-color":"","overlay-opacity":"","overlay-gradient":""},"mobile":{"background-color":"","background-image":"","background-repeat":"repeat","background-position":"center center","background-size":"auto","background-attachment":"scroll","background-type":"","background-media":"","overlay-type":"","overlay-color":"","overlay-opacity":"","overlay-gradient":""}},"ast-content-background-meta":{"desktop":{"background-color":"var(--ast-global-color-4)","background-image":"","background-repeat":"repeat","background-position":"center center","background-size":"auto","background-attachment":"scroll","background-type":"","background-media":"","overlay-type":"","overlay-color":"","overlay-opacity":"","overlay-gradient":""},"tablet":{"background-color":"var(--ast-global-color-4)","background-image":"","background-repeat":"repeat","background-position":"center center","background-size":"auto","background-attachment":"scroll","background-type":"","background-media":"","overlay-type":"","overlay-color":"","overlay-opacity":"","overlay-gradient":""},"mobile":{"background-color":"var(--ast-global-color-4)","background-image":"","background-repeat":"repeat","background-position":"center center","background-size":"auto","background-attachment":"scroll","background-type":"","background-media":"","overlay-type":"","overlay-color":"","overlay-opacity":"","overlay-gradient":""}},"footnotes":""},"class_list":["post-1394","page","type-page","status-publish","hentry"],"yoast_head":"<!-- This site is optimized with the Yoast SEO plugin v25.6 - https:\/\/yoast.com\/wordpress\/plugins\/seo\/ -->\n<title>\u00dcber uns - Naturerhaltung und Heimatpflege Sch\u00f6llbronn e.V.<\/title>\n<meta name=\"robots\" content=\"noindex, follow, max-snippet:-1, max-image-preview:large, max-video-preview:-1\" \/>\n<meta property=\"og:locale\" content=\"de_DE\" \/>\n<meta property=\"og:type\" content=\"article\" \/>\n<meta property=\"og:title\" content=\"\u00dcber uns - Naturerhaltung und Heimatpflege Sch\u00f6llbronn e.V.\" \/>\n<meta property=\"og:description\" content=\"\u00dcber uns Liebe Naturfreunde, Sie wohnen in Sch\u00f6llbronn, sind vielleicht mit Ihrer Familie in unseren Ort gezogen, weil die sch\u00f6ne Umgebung Ihnen gefallen hat. Unser Verein wurde 1990 gegr\u00fcndet. Wir [&hellip;]\" \/>\n<meta property=\"og:url\" content=\"http:\/\/testnatur.de\/test.testnatur\/verein\/ueber-uns\/\" \/>\n<meta property=\"og:site_name\" content=\"Naturerhaltung und Heimatpflege Sch\u00f6llbronn e.V.\" \/>\n<meta property=\"article:modified_time\" content=\"2025-08-22T14:38:05+00:00\" \/>\n<meta name=\"twitter:card\" content=\"summary_large_image\" \/>\n<meta name=\"twitter:label1\" content=\"Gesch\u00e4tzte Lesezeit\" \/>\n\t<meta name=\"twitter:data1\" content=\"1\u00a0Minute\" \/>\n<script type=\"application\/ld+json\" class=\"yoast-schema-graph\">{\"@context\":\"https:\/\/schema.org\",\"@graph\":[{\"@type\":\"WebPage\",\"@id\":\"http:\/\/testnatur.de\/test.testnatur\/verein\/ueber-uns\/\",\"url\":\"http:\/\/testnatur.de\/test.testnatur\/verein\/ueber-uns\/\",\"name\":\"\u00dcber uns - Naturerhaltung und Heimatpflege Sch\u00f6llbronn e.V.\",\"isPartOf\":{\"@id\":\"http:\/\/testnatur.de\/test.testnatur\/#website\"},\"datePublished\":\"2025-08-05T16:26:28+00:00\",\"dateModified\":\"2025-08-22T14:38:05+00:00\",\"breadcrumb\":{\"@id\":\"http:\/\/testnatur.de\/test.testnatur\/verein\/ueber-uns\/#breadcrumb\"},\"inLanguage\":\"de\",\"potentialAction\":[{\"@type\":\"ReadAction\",\"target\":[\"http:\/\/testnatur.de\/test.testnatur\/verein\/ueber-uns\/\"]}]},{\"@type\":\"BreadcrumbList\",\"@id\":\"http:\/\/testnatur.de\/test.testnatur\/verein\/ueber-uns\/#breadcrumb\",\"itemListElement\":[{\"@type\":\"ListItem\",\"position\":1,\"name\":\"Startseite\",\"item\":\"http:\/\/testnatur.de\/test.testnatur\/\"},{\"@type\":\"ListItem\",\"position\":2,\"name\":\"Verein\",\"item\":\"http:\/\/testnatur.de\/test.testnatur\/verein\/\"},{\"@type\":\"ListItem\",\"position\":3,\"name\":\"\u00dcber uns\"}]},{\"@type\":\"WebSite\",\"@id\":\"http:\/\/testnatur.de\/test.testnatur\/#website\",\"url\":\"http:\/\/testnatur.de\/test.testnatur\/\",\"name\":\"Naturerhaltung und Heimatpflege Sch\u00f6llbronn e.V.\",\"description\":\"Zeit f\u00fcr die Natur\",\"publisher\":{\"@id\":\"http:\/\/testnatur.de\/test.testnatur\/#organization\"},\"potentialAction\":[{\"@type\":\"SearchAction\",\"target\":{\"@type\":\"EntryPoint\",\"urlTemplate\":\"http:\/\/testnatur.de\/test.testnatur\/?s={search_term_string}\"},\"query-input\":{\"@type\":\"PropertyValueSpecification\",\"valueRequired\":true,\"valueName\":\"search_term_string\"}}],\"inLanguage\":\"de\"},{\"@type\":\"Organization\",\"@id\":\"http:\/\/testnatur.de\/test.testnatur\/#organization\",\"name\":\"Naturerhaltung und Heimatpflege Sch\u00f6llbronn e.V.\",\"url\":\"http:\/\/testnatur.de\/test.testnatur\/\",\"logo\":{\"@type\":\"ImageObject\",\"inLanguage\":\"de\",\"@id\":\"http:\/\/testnatur.de\/test.testnatur\/#\/schema\/logo\/image\/\",\"url\":\"https:\/\/testnatur.de\/test.testnatur\/wp-content\/uploads\/2025\/07\/cropped-cropped-cropped-Unbenannt.png\",\"contentUrl\":\"https:\/\/testnatur.de\/test.testnatur\/wp-content\/uploads\/2025\/07\/cropped-cropped-cropped-Unbenannt.png\",\"width\":512,\"height\":512,\"caption\":\"Naturerhaltung und Heimatpflege Sch\u00f6llbronn e.V.\"},\"image\":{\"@id\":\"http:\/\/testnatur.de\/test.testnatur\/#\/schema\/logo\/image\/\"}}]}<\/script>\n<!-- \/ Yoast SEO plugin. -->","yoast_head_json":{"title":"\u00dcber uns - Naturerhaltung und Heimatpflege Sch\u00f6llbronn e.V.","robots":{"index":"noindex","follow":"follow","max-snippet":"max-snippet:-1","max-image-preview":"max-image-preview:large","max-video-preview":"max-video-preview:-1"},"og_locale":"de_DE","og_type":"article","og_title":"\u00dcber uns - Naturerhaltung und Heimatpflege Sch\u00f6llbronn e.V.","og_description":"\u00dcber uns Liebe Naturfreunde, Sie wohnen in Sch\u00f6llbronn, sind vielleicht mit Ihrer Familie in unseren Ort gezogen, weil die sch\u00f6ne Umgebung Ihnen gefallen hat. Unser Verein wurde 1990 gegr\u00fcndet. Wir [&hellip;]","og_url":"http:\/\/testnatur.de\/test.testnatur\/verein\/ueber-uns\/","og_site_name":"Naturerhaltung und Heimatpflege Sch\u00f6llbronn e.V.","article_modified_time":"2025-08-22T14:38:05+00:00","twitter_card":"summary_large_image","twitter_misc":{"Gesch\u00e4tzte Lesezeit":"1\u00a0Minute"},"schema":{"@context":"https:\/\/schema.org","@graph":[{"@type":"WebPage","@id":"http:\/\/testnatur.de\/test.testnatur\/verein\/ueber-uns\/","url":"http:\/\/testnatur.de\/test.testnatur\/verein\/ueber-uns\/","name":"\u00dcber uns - Naturerhaltung und Heimatpflege Sch\u00f6llbronn e.V.","isPartOf":{"@id":"http:\/\/testnatur.de\/test.testnatur\/#website"},"datePublished":"2025-08-05T16:26:28+00:00","dateModified":"2025-08-22T14:38:05+00:00","breadcrumb":{"@id":"http:\/\/testnatur.de\/test.testnatur\/verein\/ueber-uns\/#breadcrumb"},"inLanguage":"de","potentialAction":[{"@type":"ReadAction","target":["http:\/\/testnatur.de\/test.testnatur\/verein\/ueber-uns\/"]}]},{"@type":"BreadcrumbList","@id":"http:\/\/testnatur.de\/test.testnatur\/verein\/ueber-uns\/#breadcrumb","itemListElement":[{"@type":"ListItem","position":1,"name":"Startseite","item":"http:\/\/testnatur.de\/test.testnatur\/"},{"@type":"ListItem","position":2,"name":"Verein","item":"http:\/\/testnatur.de\/test.testnatur\/verein\/"},{"@type":"ListItem","position":3,"name":"\u00dcber uns"}]},{"@type":"WebSite","@id":"http:\/\/testnatur.de\/test.testnatur\/#website","url":"http:\/\/testnatur.de\/test.testnatur\/","name":"Naturerhaltung und Heimatpflege Sch\u00f6llbronn e.V.","description":"Zeit f\u00fcr die Natur","publisher":{"@id":"http:\/\/testnatur.de\/test.testnatur\/#organization"},"potentialAction":[{"@type":"SearchAction","target":{"@type":"EntryPoint","urlTemplate":"http:\/\/testnatur.de\/test.testnatur\/?s={search_term_string}"},"query-input":{"@type":"PropertyValueSpecification","valueRequired":true,"valueName":"search_term_string"}}],"inLanguage":"de"},{"@type":"Organization","@id":"http:\/\/testnatur.de\/test.testnatur\/#organization","name":"Naturerhaltung und Heimatpflege Sch\u00f6llbronn e.V.","url":"http:\/\/testnatur.de\/test.testnatur\/","logo":{"@type":"ImageObject","inLanguage":"de","@id":"http:\/\/testnatur.de\/test.testnatur\/#\/schema\/logo\/image\/","url":"https:\/\/testnatur.de\/test.testnatur\/wp-content\/uploads\/2025\/07\/cropped-cropped-cropped-Unbenannt.png","contentUrl":"https:\/\/testnatur.de\/test.testnatur\/wp-content\/uploads\/2025\/07\/cropped-cropped-cropped-Unbenannt.png","width":512,"height":512,"caption":"Naturerhaltung und Heimatpflege Sch\u00f6llbronn e.V."},"image":{"@id":"http:\/\/testnatur.de\/test.testnatur\/#\/schema\/logo\/image\/"}}]}},"uagb_featured_image_src":{"full":false,"thumbnail":false,"medium":false,"medium_large":false,"large":false,"1536x1536":false,"2048x2048":false},"uagb_author_info":{"display_name":"FaMinPe","author_link":"https:\/\/testnatur.de\/test.testnatur\/author\/faminpe\/"},"uagb_comment_info":0,"uagb_excerpt":"\u00dcber uns Liebe Naturfreunde, Sie wohnen in Sch\u00f6llbronn, sind vielleicht mit Ihrer Familie in unseren Ort gezogen, weil die sch\u00f6ne Umgebung Ihnen gefallen hat. Unser Verein wurde 1990 gegr\u00fcndet. Wir [&hellip;]","_links":{"self":[{"href":"https:\/\/testnatur.de\/test.testnatur\/wp-json\/wp\/v2\/pages\/1394","targetHints":{"allow":["GET"]}}],"collection":[{"href":"https:\/\/testnatur.de\/test.testnatur\/wp-json\/wp\/v2\/pages"}],"about":[{"href":"https:\/\/testnatur.de\/test.testnatur\/wp-json\/wp\/v2\/types\/page"}],"author":[{"embeddable":true,"href":"https:\/\/testnatur.de\/test.testnatur\/wp-json\/wp\/v2\/users\/5"}],"replies":[{"embeddable":true,"href":"https:\/\/testnatur.de\/test.testnatur\/wp-json\/wp\/v2\/comments?post=1394"}],"version-history":[{"count":28,"href":"https:\/\/testnatur.de\/test.testnatur\/wp-json\/wp\/v2\/pages\/1394\/revisions"}],"predecessor-version":[{"id":2292,"href":"https:\/\/testnatur.de\/test.testnatur\/wp-json\/wp\/v2\/pages\/1394\/revisions\/2292"}],"up":[{"embeddable":true,"href":"https:\/\/testnatur.de\/test.testnatur\/wp-json\/wp\/v2\/pages\/1420"}],"wp:attachment":[{"href":"https:\/\/testnatur.de\/test.testnatur\/wp-json\/wp\/v2\/media?parent=1394"}],"curies":[{"name":"wp","href":"https:\/\/api.w.org\/{rel}","templated":true}]}}