{"id":1478,"date":"2025-08-07T15:20:28","date_gmt":"2025-08-07T13:20:28","guid":{"rendered":"http:\/\/testnatur.de\/test.testnatur\/?page_id=1478"},"modified":"2025-10-19T15:25:00","modified_gmt":"2025-10-19T13:25:00","slug":"omas-rezepte","status":"publish","type":"page","link":"https:\/\/testnatur.de\/test.testnatur\/heimat-kultur\/omas-rezepte\/","title":{"rendered":"Omas Rezepte"},"content":{"rendered":"\t\t<div data-elementor-type=\"wp-page\" data-elementor-id=\"1478\" class=\"elementor elementor-1478\">\n\t\t\t\t<div class=\"elementor-element elementor-element-8f4d7c2 e-flex e-con-boxed e-con e-parent\" data-id=\"8f4d7c2\" data-element_type=\"container\">\n\t\t\t\t\t<div class=\"e-con-inner\">\n\t\t\t\t<div class=\"elementor-element elementor-element-dcc2374 elementor-widget elementor-widget-heading\" data-id=\"dcc2374\" data-element_type=\"widget\" data-widget_type=\"heading.default\">\n\t\t\t\t<div class=\"elementor-widget-container\">\n\t\t\t\t\t<h1 class=\"elementor-heading-title elementor-size-default\">Omas Rezepte<\/h1>\t\t\t\t<\/div>\n\t\t\t\t<\/div>\n\t\t\t\t\t<\/div>\n\t\t\t\t<\/div>\n\t\t<div class=\"elementor-element elementor-element-4db1c71 e-flex e-con-boxed e-con e-parent\" data-id=\"4db1c71\" data-element_type=\"container\">\n\t\t\t\t\t<div class=\"e-con-inner\">\n\t\t\t\t<div class=\"elementor-element elementor-element-5e8e9c4 elementor-widget elementor-widget-text-editor\" data-id=\"5e8e9c4\" data-element_type=\"widget\" data-widget_type=\"text-editor.default\">\n\t\t\t\t<div class=\"elementor-widget-container\">\n\t\t\t\t\t\t\t\t\t<p>Diese Sammlung wurde von den Damen des Altenwerks und des Naturheilvereins angelegt.<\/p><p>Die Rezepte bestehen nur aus einfachen Zutaten, so wie man sie fr\u00fcher gr\u00f6\u00dftenteis aus eigener Ernte im Haus hatte. Die Eier kamen von den eigenen H\u00fchnern, nur Weniges musste man kaufen. Besonders erw\u00e4hnenswert sind die Kartoffel-Rezepte. Ganz typisch und bis heute bekannt und gekocht: &#8222;Verheierte&#8220;, ein Eintopf aus zwei Zutaten, von denen man meinen k\u00f6nnte, sie w\u00fcrden \u00fcberhaupt nicht zusammen passen: Kartoffeln und Sp\u00e4tzle.<\/p><p>Einen Versuch sind diese Rezepte allemal wert! Viel Spa\u00df beim nachkochen.<\/p>\t\t\t\t\t\t\t\t<\/div>\n\t\t\t\t<\/div>\n\t\t\t\t\t<\/div>\n\t\t\t\t<\/div>\n\t\t<div class=\"elementor-element elementor-element-58e73ee e-flex e-con-boxed e-con e-parent\" data-id=\"58e73ee\" data-element_type=\"container\">\n\t\t\t\t\t<div class=\"e-con-inner\">\n\t\t\t\t<div class=\"elementor-element elementor-element-53721ac elementor-align-center elementor-widget elementor-widget-button\" data-id=\"53721ac\" data-element_type=\"widget\" data-widget_type=\"button.default\">\n\t\t\t\t<div class=\"elementor-widget-container\">\n\t\t\t\t\t\t\t\t\t<div class=\"elementor-button-wrapper\">\n\t\t\t\t\t<a class=\"elementor-button elementor-button-link elementor-size-sm\" href=\"http:\/\/testnatur.de\/test.testnatur\/wp-content\/uploads\/2025\/08\/naturerhaltung_schoellbronn_rezepte.pdf\" target=\"_blank\">\n\t\t\t\t\t\t<span class=\"elementor-button-content-wrapper\">\n\t\t\t\t\t\t\t\t\t<span class=\"elementor-button-text\">Rezeptbuch \u00f6ffnen<\/span>\n\t\t\t\t\t<\/span>\n\t\t\t\t\t<\/a>\n\t\t\t\t<\/div>\n\t\t\t\t\t\t\t\t<\/div>\n\t\t\t\t<\/div>\n\t\t\t\t\t<\/div>\n\t\t\t\t<\/div>\n\t\t\t\t<\/div>\n\t\t","protected":false},"excerpt":{"rendered":"<p>Omas Rezepte Diese Sammlung wurde von den Damen des Altenwerks und des Naturheilvereins angelegt. Die Rezepte bestehen nur aus einfachen Zutaten, so wie man sie fr\u00fcher gr\u00f6\u00dftenteis aus eigener Ernte [&hellip;]<\/p>\n","protected":false},"author":5,"featured_media":0,"parent":1559,"menu_order":3,"comment_status":"closed","ping_status":"closed","template":"","meta":{"_uag_custom_page_level_css":"","site-sidebar-layout":"no-sidebar","site-content-layout":"","ast-site-content-layout":"full-width-container","site-content-style":"default","site-sidebar-style":"default","ast-global-header-display":"","ast-banner-title-visibility":"","ast-main-header-display":"","ast-hfb-above-header-display":"","ast-hfb-below-header-display":"","ast-hfb-mobile-header-display":"","site-post-title":"disabled","ast-breadcrumbs-content":"","ast-featured-img":"disabled","footer-sml-layout":"","theme-transparent-header-meta":"","adv-header-id-meta":"","stick-header-meta":"","header-above-stick-meta":"","header-main-stick-meta":"","header-below-stick-meta":"","astra-migrate-meta-layouts":"default","ast-page-background-enabled":"default","ast-page-background-meta":{"desktop":{"background-color":"var(--ast-global-color-5)","background-image":"","background-repeat":"repeat","background-position":"center center","background-size":"auto","background-attachment":"scroll","background-type":"","background-media":"","overlay-type":"","overlay-color":"","overlay-opacity":"","overlay-gradient":""},"tablet":{"background-color":"","background-image":"","background-repeat":"repeat","background-position":"center center","background-size":"auto","background-attachment":"scroll","background-type":"","background-media":"","overlay-type":"","overlay-color":"","overlay-opacity":"","overlay-gradient":""},"mobile":{"background-color":"","background-image":"","background-repeat":"repeat","background-position":"center center","background-size":"auto","background-attachment":"scroll","background-type":"","background-media":"","overlay-type":"","overlay-color":"","overlay-opacity":"","overlay-gradient":""}},"ast-content-background-meta":{"desktop":{"background-color":"var(--ast-global-color-4)","background-image":"","background-repeat":"repeat","background-position":"center center","background-size":"auto","background-attachment":"scroll","background-type":"","background-media":"","overlay-type":"","overlay-color":"","overlay-opacity":"","overlay-gradient":""},"tablet":{"background-color":"var(--ast-global-color-4)","background-image":"","background-repeat":"repeat","background-position":"center center","background-size":"auto","background-attachment":"scroll","background-type":"","background-media":"","overlay-type":"","overlay-color":"","overlay-opacity":"","overlay-gradient":""},"mobile":{"background-color":"var(--ast-global-color-4)","background-image":"","background-repeat":"repeat","background-position":"center center","background-size":"auto","background-attachment":"scroll","background-type":"","background-media":"","overlay-type":"","overlay-color":"","overlay-opacity":"","overlay-gradient":""}},"footnotes":""},"class_list":["post-1478","page","type-page","status-publish","hentry"],"yoast_head":"<!-- This site is optimized with the Yoast SEO plugin v25.6 - https:\/\/yoast.com\/wordpress\/plugins\/seo\/ -->\n<title>Omas Rezepte - Naturerhaltung und Heimatpflege Sch\u00f6llbronn e.V.<\/title>\n<meta name=\"robots\" content=\"noindex, follow, max-snippet:-1, max-image-preview:large, max-video-preview:-1\" \/>\n<meta property=\"og:locale\" content=\"de_DE\" \/>\n<meta property=\"og:type\" content=\"article\" \/>\n<meta property=\"og:title\" content=\"Omas Rezepte - Naturerhaltung und Heimatpflege Sch\u00f6llbronn e.V.\" \/>\n<meta property=\"og:description\" content=\"Omas Rezepte Diese Sammlung wurde von den Damen des Altenwerks und des Naturheilvereins angelegt. Die Rezepte bestehen nur aus einfachen Zutaten, so wie man sie fr\u00fcher gr\u00f6\u00dftenteis aus eigener Ernte [&hellip;]\" \/>\n<meta property=\"og:url\" content=\"http:\/\/testnatur.de\/test.testnatur\/heimat-kultur\/omas-rezepte\/\" \/>\n<meta property=\"og:site_name\" content=\"Naturerhaltung und Heimatpflege Sch\u00f6llbronn e.V.\" \/>\n<meta property=\"article:modified_time\" content=\"2025-10-19T13:25:00+00:00\" \/>\n<meta name=\"twitter:card\" content=\"summary_large_image\" \/>\n<meta name=\"twitter:label1\" content=\"Gesch\u00e4tzte Lesezeit\" \/>\n\t<meta name=\"twitter:data1\" content=\"1\u00a0Minute\" \/>\n<script type=\"application\/ld+json\" class=\"yoast-schema-graph\">{\"@context\":\"https:\/\/schema.org\",\"@graph\":[{\"@type\":\"WebPage\",\"@id\":\"http:\/\/testnatur.de\/test.testnatur\/heimat-kultur\/omas-rezepte\/\",\"url\":\"http:\/\/testnatur.de\/test.testnatur\/heimat-kultur\/omas-rezepte\/\",\"name\":\"Omas Rezepte - Naturerhaltung und Heimatpflege Sch\u00f6llbronn e.V.\",\"isPartOf\":{\"@id\":\"http:\/\/testnatur.de\/test.testnatur\/#website\"},\"datePublished\":\"2025-08-07T13:20:28+00:00\",\"dateModified\":\"2025-10-19T13:25:00+00:00\",\"breadcrumb\":{\"@id\":\"http:\/\/testnatur.de\/test.testnatur\/heimat-kultur\/omas-rezepte\/#breadcrumb\"},\"inLanguage\":\"de\",\"potentialAction\":[{\"@type\":\"ReadAction\",\"target\":[\"http:\/\/testnatur.de\/test.testnatur\/heimat-kultur\/omas-rezepte\/\"]}]},{\"@type\":\"BreadcrumbList\",\"@id\":\"http:\/\/testnatur.de\/test.testnatur\/heimat-kultur\/omas-rezepte\/#breadcrumb\",\"itemListElement\":[{\"@type\":\"ListItem\",\"position\":1,\"name\":\"Startseite\",\"item\":\"http:\/\/testnatur.de\/test.testnatur\/\"},{\"@type\":\"ListItem\",\"position\":2,\"name\":\"Heimat-Kultur\",\"item\":\"http:\/\/testnatur.de\/test.testnatur\/heimat-kultur\/\"},{\"@type\":\"ListItem\",\"position\":3,\"name\":\"Omas Rezepte\"}]},{\"@type\":\"WebSite\",\"@id\":\"http:\/\/testnatur.de\/test.testnatur\/#website\",\"url\":\"http:\/\/testnatur.de\/test.testnatur\/\",\"name\":\"Naturerhaltung und Heimatpflege Sch\u00f6llbronn e.V.\",\"description\":\"Zeit f\u00fcr die Natur\",\"publisher\":{\"@id\":\"http:\/\/testnatur.de\/test.testnatur\/#organization\"},\"potentialAction\":[{\"@type\":\"SearchAction\",\"target\":{\"@type\":\"EntryPoint\",\"urlTemplate\":\"http:\/\/testnatur.de\/test.testnatur\/?s={search_term_string}\"},\"query-input\":{\"@type\":\"PropertyValueSpecification\",\"valueRequired\":true,\"valueName\":\"search_term_string\"}}],\"inLanguage\":\"de\"},{\"@type\":\"Organization\",\"@id\":\"http:\/\/testnatur.de\/test.testnatur\/#organization\",\"name\":\"Naturerhaltung und Heimatpflege Sch\u00f6llbronn e.V.\",\"url\":\"http:\/\/testnatur.de\/test.testnatur\/\",\"logo\":{\"@type\":\"ImageObject\",\"inLanguage\":\"de\",\"@id\":\"http:\/\/testnatur.de\/test.testnatur\/#\/schema\/logo\/image\/\",\"url\":\"https:\/\/testnatur.de\/test.testnatur\/wp-content\/uploads\/2025\/07\/cropped-cropped-cropped-Unbenannt.png\",\"contentUrl\":\"https:\/\/testnatur.de\/test.testnatur\/wp-content\/uploads\/2025\/07\/cropped-cropped-cropped-Unbenannt.png\",\"width\":512,\"height\":512,\"caption\":\"Naturerhaltung und Heimatpflege Sch\u00f6llbronn e.V.\"},\"image\":{\"@id\":\"http:\/\/testnatur.de\/test.testnatur\/#\/schema\/logo\/image\/\"}}]}<\/script>\n<!-- \/ Yoast SEO plugin. -->","yoast_head_json":{"title":"Omas Rezepte - Naturerhaltung und Heimatpflege Sch\u00f6llbronn e.V.","robots":{"index":"noindex","follow":"follow","max-snippet":"max-snippet:-1","max-image-preview":"max-image-preview:large","max-video-preview":"max-video-preview:-1"},"og_locale":"de_DE","og_type":"article","og_title":"Omas Rezepte - Naturerhaltung und Heimatpflege Sch\u00f6llbronn e.V.","og_description":"Omas Rezepte Diese Sammlung wurde von den Damen des Altenwerks und des Naturheilvereins angelegt. Die Rezepte bestehen nur aus einfachen Zutaten, so wie man sie fr\u00fcher gr\u00f6\u00dftenteis aus eigener Ernte [&hellip;]","og_url":"http:\/\/testnatur.de\/test.testnatur\/heimat-kultur\/omas-rezepte\/","og_site_name":"Naturerhaltung und Heimatpflege Sch\u00f6llbronn e.V.","article_modified_time":"2025-10-19T13:25:00+00:00","twitter_card":"summary_large_image","twitter_misc":{"Gesch\u00e4tzte Lesezeit":"1\u00a0Minute"},"schema":{"@context":"https:\/\/schema.org","@graph":[{"@type":"WebPage","@id":"http:\/\/testnatur.de\/test.testnatur\/heimat-kultur\/omas-rezepte\/","url":"http:\/\/testnatur.de\/test.testnatur\/heimat-kultur\/omas-rezepte\/","name":"Omas Rezepte - Naturerhaltung und Heimatpflege Sch\u00f6llbronn e.V.","isPartOf":{"@id":"http:\/\/testnatur.de\/test.testnatur\/#website"},"datePublished":"2025-08-07T13:20:28+00:00","dateModified":"2025-10-19T13:25:00+00:00","breadcrumb":{"@id":"http:\/\/testnatur.de\/test.testnatur\/heimat-kultur\/omas-rezepte\/#breadcrumb"},"inLanguage":"de","potentialAction":[{"@type":"ReadAction","target":["http:\/\/testnatur.de\/test.testnatur\/heimat-kultur\/omas-rezepte\/"]}]},{"@type":"BreadcrumbList","@id":"http:\/\/testnatur.de\/test.testnatur\/heimat-kultur\/omas-rezepte\/#breadcrumb","itemListElement":[{"@type":"ListItem","position":1,"name":"Startseite","item":"http:\/\/testnatur.de\/test.testnatur\/"},{"@type":"ListItem","position":2,"name":"Heimat-Kultur","item":"http:\/\/testnatur.de\/test.testnatur\/heimat-kultur\/"},{"@type":"ListItem","position":3,"name":"Omas Rezepte"}]},{"@type":"WebSite","@id":"http:\/\/testnatur.de\/test.testnatur\/#website","url":"http:\/\/testnatur.de\/test.testnatur\/","name":"Naturerhaltung und Heimatpflege Sch\u00f6llbronn e.V.","description":"Zeit f\u00fcr die Natur","publisher":{"@id":"http:\/\/testnatur.de\/test.testnatur\/#organization"},"potentialAction":[{"@type":"SearchAction","target":{"@type":"EntryPoint","urlTemplate":"http:\/\/testnatur.de\/test.testnatur\/?s={search_term_string}"},"query-input":{"@type":"PropertyValueSpecification","valueRequired":true,"valueName":"search_term_string"}}],"inLanguage":"de"},{"@type":"Organization","@id":"http:\/\/testnatur.de\/test.testnatur\/#organization","name":"Naturerhaltung und Heimatpflege Sch\u00f6llbronn e.V.","url":"http:\/\/testnatur.de\/test.testnatur\/","logo":{"@type":"ImageObject","inLanguage":"de","@id":"http:\/\/testnatur.de\/test.testnatur\/#\/schema\/logo\/image\/","url":"https:\/\/testnatur.de\/test.testnatur\/wp-content\/uploads\/2025\/07\/cropped-cropped-cropped-Unbenannt.png","contentUrl":"https:\/\/testnatur.de\/test.testnatur\/wp-content\/uploads\/2025\/07\/cropped-cropped-cropped-Unbenannt.png","width":512,"height":512,"caption":"Naturerhaltung und Heimatpflege Sch\u00f6llbronn e.V."},"image":{"@id":"http:\/\/testnatur.de\/test.testnatur\/#\/schema\/logo\/image\/"}}]}},"uagb_featured_image_src":{"full":false,"thumbnail":false,"medium":false,"medium_large":false,"large":false,"1536x1536":false,"2048x2048":false},"uagb_author_info":{"display_name":"FaMinPe","author_link":"https:\/\/testnatur.de\/test.testnatur\/author\/faminpe\/"},"uagb_comment_info":0,"uagb_excerpt":"Omas Rezepte Diese Sammlung wurde von den Damen des Altenwerks und des Naturheilvereins angelegt. Die Rezepte bestehen nur aus einfachen Zutaten, so wie man sie fr\u00fcher gr\u00f6\u00dftenteis aus eigener Ernte [&hellip;]","_links":{"self":[{"href":"https:\/\/testnatur.de\/test.testnatur\/wp-json\/wp\/v2\/pages\/1478","targetHints":{"allow":["GET"]}}],"collection":[{"href":"https:\/\/testnatur.de\/test.testnatur\/wp-json\/wp\/v2\/pages"}],"about":[{"href":"https:\/\/testnatur.de\/test.testnatur\/wp-json\/wp\/v2\/types\/page"}],"author":[{"embeddable":true,"href":"https:\/\/testnatur.de\/test.testnatur\/wp-json\/wp\/v2\/users\/5"}],"replies":[{"embeddable":true,"href":"https:\/\/testnatur.de\/test.testnatur\/wp-json\/wp\/v2\/comments?post=1478"}],"version-history":[{"count":11,"href":"https:\/\/testnatur.de\/test.testnatur\/wp-json\/wp\/v2\/pages\/1478\/revisions"}],"predecessor-version":[{"id":1492,"href":"https:\/\/testnatur.de\/test.testnatur\/wp-json\/wp\/v2\/pages\/1478\/revisions\/1492"}],"up":[{"embeddable":true,"href":"https:\/\/testnatur.de\/test.testnatur\/wp-json\/wp\/v2\/pages\/1559"}],"wp:attachment":[{"href":"https:\/\/testnatur.de\/test.testnatur\/wp-json\/wp\/v2\/media?parent=1478"}],"curies":[{"name":"wp","href":"https:\/\/api.w.org\/{rel}","templated":true}]}}