{"id":2263,"date":"2025-08-21T20:10:48","date_gmt":"2025-08-21T18:10:48","guid":{"rendered":"http:\/\/testnatur.de\/test.testnatur\/?page_id=2263"},"modified":"2025-10-14T17:22:15","modified_gmt":"2025-10-14T15:22:15","slug":"2007-heimatabend","status":"publish","type":"page","link":"https:\/\/testnatur.de\/test.testnatur\/archiv\/2007-heimatabend\/","title":{"rendered":"2007- Heimatabend"},"content":{"rendered":"\t\t<div data-elementor-type=\"wp-page\" data-elementor-id=\"2263\" class=\"elementor elementor-2263\">\n\t\t\t\t<div class=\"elementor-element elementor-element-82c7be6 e-flex e-con-boxed e-con e-parent\" data-id=\"82c7be6\" data-element_type=\"container\">\n\t\t\t\t\t<div class=\"e-con-inner\">\n\t\t\t\t<div class=\"elementor-element elementor-element-a3868f7 elementor-widget__width-initial elementor-widget elementor-widget-heading\" data-id=\"a3868f7\" data-element_type=\"widget\" data-widget_type=\"heading.default\">\n\t\t\t\t<div class=\"elementor-widget-container\">\n\t\t\t\t\t<h2 class=\"elementor-heading-title elementor-size-default\">Zum 100. Geburtstag des TSV Sch\u00f6llbronn Heimatabend am 15. Juli 2007<\/h2>\t\t\t\t<\/div>\n\t\t\t\t<\/div>\n\t\t\t\t\t<\/div>\n\t\t\t\t<\/div>\n\t\t<div class=\"elementor-element elementor-element-bad696f e-flex e-con-boxed e-con e-parent\" data-id=\"bad696f\" data-element_type=\"container\">\n\t\t\t\t\t<div class=\"e-con-inner\">\n\t\t\t\t<div class=\"elementor-element elementor-element-f2914f3 elementor-widget elementor-widget-text-editor\" data-id=\"f2914f3\" data-element_type=\"widget\" data-widget_type=\"text-editor.default\">\n\t\t\t\t<div class=\"elementor-widget-container\">\n\t\t\t\t\t\t\t\t\t<p style=\"text-align: center;\">Zum 100. Geburtstag des TSV Sch\u00f6llbronn am Heimatabend &#8211; 15. Juli 2007-hat der Verein N&amp;H einen R\u00fcckblick auf die Verh\u00e4ltnisse vor 100 Jahren getan.<br \/>&#8222;Sportplatzpflege anno dazumal&#8220; wurde gespielt, gesungen und kommentiert.<\/p><p style=\"text-align: center;\">Das Gras des Sportplatzes war f\u00fcr die (arme) Familie, die die Pflege \u00fcbernommen hatte, als Futter f\u00fcr ihre Ziege ein wichtiger Beitrag zum Leben. Ohne Motorger\u00e4te, nur mit Sense und Rechen, wurde das gro\u00dfe Gel\u00e4nde des Sportplatzes bespielbar gemacht. Danach st\u00e4rkte man sich mit Brot und Most.<\/p><p style=\"text-align: center;\">Nach der Auff\u00fchrung sang und tanzte die Gruppe des Vereins folgendes Lied:<br \/>( Auf die Melodie: Kommt ein Vogel geflogen )<\/p><p style=\"text-align: center;\">Ja mir warn heit so flei\u00dfig,<br \/>h\u00e4n gemait de ganze Platz.<br \/>Drum sen mer jetzt luschtig,<br \/>und ich danz mit meim Schatz. &#8230;.<\/p>\t\t\t\t\t\t\t\t<\/div>\n\t\t\t\t<\/div>\n\t\t\t\t\t<\/div>\n\t\t\t\t<\/div>\n\t\t\t\t<\/div>\n\t\t","protected":false},"excerpt":{"rendered":"<p>Zum 100. Geburtstag des TSV Sch\u00f6llbronn Heimatabend am 15. Juli 2007 Zum 100. Geburtstag des TSV Sch\u00f6llbronn am Heimatabend &#8211; 15. Juli 2007-hat der Verein N&amp;H einen R\u00fcckblick auf die [&hellip;]<\/p>\n","protected":false},"author":2,"featured_media":0,"parent":1576,"menu_order":1,"comment_status":"closed","ping_status":"closed","template":"","meta":{"_uag_custom_page_level_css":"","site-sidebar-layout":"no-sidebar","site-content-layout":"","ast-site-content-layout":"full-width-container","site-content-style":"default","site-sidebar-style":"default","ast-global-header-display":"","ast-banner-title-visibility":"","ast-main-header-display":"","ast-hfb-above-header-display":"","ast-hfb-below-header-display":"","ast-hfb-mobile-header-display":"","site-post-title":"disabled","ast-breadcrumbs-content":"","ast-featured-img":"disabled","footer-sml-layout":"","theme-transparent-header-meta":"","adv-header-id-meta":"","stick-header-meta":"","header-above-stick-meta":"","header-main-stick-meta":"","header-below-stick-meta":"","astra-migrate-meta-layouts":"default","ast-page-background-enabled":"default","ast-page-background-meta":{"desktop":{"background-color":"var(--ast-global-color-5)","background-image":"","background-repeat":"repeat","background-position":"center center","background-size":"auto","background-attachment":"scroll","background-type":"","background-media":"","overlay-type":"","overlay-color":"","overlay-opacity":"","overlay-gradient":""},"tablet":{"background-color":"","background-image":"","background-repeat":"repeat","background-position":"center center","background-size":"auto","background-attachment":"scroll","background-type":"","background-media":"","overlay-type":"","overlay-color":"","overlay-opacity":"","overlay-gradient":""},"mobile":{"background-color":"","background-image":"","background-repeat":"repeat","background-position":"center center","background-size":"auto","background-attachment":"scroll","background-type":"","background-media":"","overlay-type":"","overlay-color":"","overlay-opacity":"","overlay-gradient":""}},"ast-content-background-meta":{"desktop":{"background-color":"var(--ast-global-color-4)","background-image":"","background-repeat":"repeat","background-position":"center center","background-size":"auto","background-attachment":"scroll","background-type":"","background-media":"","overlay-type":"","overlay-color":"","overlay-opacity":"","overlay-gradient":""},"tablet":{"background-color":"var(--ast-global-color-4)","background-image":"","background-repeat":"repeat","background-position":"center center","background-size":"auto","background-attachment":"scroll","background-type":"","background-media":"","overlay-type":"","overlay-color":"","overlay-opacity":"","overlay-gradient":""},"mobile":{"background-color":"var(--ast-global-color-4)","background-image":"","background-repeat":"repeat","background-position":"center center","background-size":"auto","background-attachment":"scroll","background-type":"","background-media":"","overlay-type":"","overlay-color":"","overlay-opacity":"","overlay-gradient":""}},"footnotes":""},"class_list":["post-2263","page","type-page","status-publish","hentry"],"yoast_head":"<!-- This site is optimized with the Yoast SEO plugin v25.6 - https:\/\/yoast.com\/wordpress\/plugins\/seo\/ -->\n<title>2007- Heimatabend - Naturerhaltung und Heimatpflege Sch\u00f6llbronn e.V.<\/title>\n<meta name=\"robots\" content=\"noindex, follow, max-snippet:-1, max-image-preview:large, max-video-preview:-1\" \/>\n<meta property=\"og:locale\" content=\"de_DE\" \/>\n<meta property=\"og:type\" content=\"article\" \/>\n<meta property=\"og:title\" content=\"2007- Heimatabend - Naturerhaltung und Heimatpflege Sch\u00f6llbronn e.V.\" \/>\n<meta property=\"og:description\" content=\"Zum 100. Geburtstag des TSV Sch\u00f6llbronn Heimatabend am 15. Juli 2007 Zum 100. Geburtstag des TSV Sch\u00f6llbronn am Heimatabend &#8211; 15. Juli 2007-hat der Verein N&amp;H einen R\u00fcckblick auf die [&hellip;]\" \/>\n<meta property=\"og:url\" content=\"http:\/\/testnatur.de\/test.testnatur\/archiv\/2007-heimatabend\/\" \/>\n<meta property=\"og:site_name\" content=\"Naturerhaltung und Heimatpflege Sch\u00f6llbronn e.V.\" \/>\n<meta property=\"article:modified_time\" content=\"2025-10-14T15:22:15+00:00\" \/>\n<meta name=\"twitter:card\" content=\"summary_large_image\" \/>\n<meta name=\"twitter:label1\" content=\"Gesch\u00e4tzte Lesezeit\" \/>\n\t<meta name=\"twitter:data1\" content=\"1\u00a0Minute\" \/>\n<script type=\"application\/ld+json\" class=\"yoast-schema-graph\">{\"@context\":\"https:\/\/schema.org\",\"@graph\":[{\"@type\":\"WebPage\",\"@id\":\"http:\/\/testnatur.de\/test.testnatur\/archiv\/2007-heimatabend\/\",\"url\":\"http:\/\/testnatur.de\/test.testnatur\/archiv\/2007-heimatabend\/\",\"name\":\"2007- Heimatabend - Naturerhaltung und Heimatpflege Sch\u00f6llbronn e.V.\",\"isPartOf\":{\"@id\":\"http:\/\/testnatur.de\/test.testnatur\/#website\"},\"datePublished\":\"2025-08-21T18:10:48+00:00\",\"dateModified\":\"2025-10-14T15:22:15+00:00\",\"breadcrumb\":{\"@id\":\"http:\/\/testnatur.de\/test.testnatur\/archiv\/2007-heimatabend\/#breadcrumb\"},\"inLanguage\":\"de\",\"potentialAction\":[{\"@type\":\"ReadAction\",\"target\":[\"http:\/\/testnatur.de\/test.testnatur\/archiv\/2007-heimatabend\/\"]}]},{\"@type\":\"BreadcrumbList\",\"@id\":\"http:\/\/testnatur.de\/test.testnatur\/archiv\/2007-heimatabend\/#breadcrumb\",\"itemListElement\":[{\"@type\":\"ListItem\",\"position\":1,\"name\":\"Startseite\",\"item\":\"http:\/\/testnatur.de\/test.testnatur\/\"},{\"@type\":\"ListItem\",\"position\":2,\"name\":\"Archiv\",\"item\":\"http:\/\/testnatur.de\/test.testnatur\/archiv\/\"},{\"@type\":\"ListItem\",\"position\":3,\"name\":\"2007- Heimatabend\"}]},{\"@type\":\"WebSite\",\"@id\":\"http:\/\/testnatur.de\/test.testnatur\/#website\",\"url\":\"http:\/\/testnatur.de\/test.testnatur\/\",\"name\":\"Naturerhaltung und Heimatpflege Sch\u00f6llbronn e.V.\",\"description\":\"Zeit f\u00fcr die Natur\",\"publisher\":{\"@id\":\"http:\/\/testnatur.de\/test.testnatur\/#organization\"},\"potentialAction\":[{\"@type\":\"SearchAction\",\"target\":{\"@type\":\"EntryPoint\",\"urlTemplate\":\"http:\/\/testnatur.de\/test.testnatur\/?s={search_term_string}\"},\"query-input\":{\"@type\":\"PropertyValueSpecification\",\"valueRequired\":true,\"valueName\":\"search_term_string\"}}],\"inLanguage\":\"de\"},{\"@type\":\"Organization\",\"@id\":\"http:\/\/testnatur.de\/test.testnatur\/#organization\",\"name\":\"Naturerhaltung und Heimatpflege Sch\u00f6llbronn e.V.\",\"url\":\"http:\/\/testnatur.de\/test.testnatur\/\",\"logo\":{\"@type\":\"ImageObject\",\"inLanguage\":\"de\",\"@id\":\"http:\/\/testnatur.de\/test.testnatur\/#\/schema\/logo\/image\/\",\"url\":\"https:\/\/testnatur.de\/test.testnatur\/wp-content\/uploads\/2025\/07\/cropped-cropped-cropped-Unbenannt.png\",\"contentUrl\":\"https:\/\/testnatur.de\/test.testnatur\/wp-content\/uploads\/2025\/07\/cropped-cropped-cropped-Unbenannt.png\",\"width\":512,\"height\":512,\"caption\":\"Naturerhaltung und Heimatpflege Sch\u00f6llbronn e.V.\"},\"image\":{\"@id\":\"http:\/\/testnatur.de\/test.testnatur\/#\/schema\/logo\/image\/\"}}]}<\/script>\n<!-- \/ Yoast SEO plugin. -->","yoast_head_json":{"title":"2007- Heimatabend - Naturerhaltung und Heimatpflege Sch\u00f6llbronn e.V.","robots":{"index":"noindex","follow":"follow","max-snippet":"max-snippet:-1","max-image-preview":"max-image-preview:large","max-video-preview":"max-video-preview:-1"},"og_locale":"de_DE","og_type":"article","og_title":"2007- Heimatabend - Naturerhaltung und Heimatpflege Sch\u00f6llbronn e.V.","og_description":"Zum 100. Geburtstag des TSV Sch\u00f6llbronn Heimatabend am 15. Juli 2007 Zum 100. Geburtstag des TSV Sch\u00f6llbronn am Heimatabend &#8211; 15. Juli 2007-hat der Verein N&amp;H einen R\u00fcckblick auf die [&hellip;]","og_url":"http:\/\/testnatur.de\/test.testnatur\/archiv\/2007-heimatabend\/","og_site_name":"Naturerhaltung und Heimatpflege Sch\u00f6llbronn e.V.","article_modified_time":"2025-10-14T15:22:15+00:00","twitter_card":"summary_large_image","twitter_misc":{"Gesch\u00e4tzte Lesezeit":"1\u00a0Minute"},"schema":{"@context":"https:\/\/schema.org","@graph":[{"@type":"WebPage","@id":"http:\/\/testnatur.de\/test.testnatur\/archiv\/2007-heimatabend\/","url":"http:\/\/testnatur.de\/test.testnatur\/archiv\/2007-heimatabend\/","name":"2007- Heimatabend - Naturerhaltung und Heimatpflege Sch\u00f6llbronn e.V.","isPartOf":{"@id":"http:\/\/testnatur.de\/test.testnatur\/#website"},"datePublished":"2025-08-21T18:10:48+00:00","dateModified":"2025-10-14T15:22:15+00:00","breadcrumb":{"@id":"http:\/\/testnatur.de\/test.testnatur\/archiv\/2007-heimatabend\/#breadcrumb"},"inLanguage":"de","potentialAction":[{"@type":"ReadAction","target":["http:\/\/testnatur.de\/test.testnatur\/archiv\/2007-heimatabend\/"]}]},{"@type":"BreadcrumbList","@id":"http:\/\/testnatur.de\/test.testnatur\/archiv\/2007-heimatabend\/#breadcrumb","itemListElement":[{"@type":"ListItem","position":1,"name":"Startseite","item":"http:\/\/testnatur.de\/test.testnatur\/"},{"@type":"ListItem","position":2,"name":"Archiv","item":"http:\/\/testnatur.de\/test.testnatur\/archiv\/"},{"@type":"ListItem","position":3,"name":"2007- Heimatabend"}]},{"@type":"WebSite","@id":"http:\/\/testnatur.de\/test.testnatur\/#website","url":"http:\/\/testnatur.de\/test.testnatur\/","name":"Naturerhaltung und Heimatpflege Sch\u00f6llbronn e.V.","description":"Zeit f\u00fcr die Natur","publisher":{"@id":"http:\/\/testnatur.de\/test.testnatur\/#organization"},"potentialAction":[{"@type":"SearchAction","target":{"@type":"EntryPoint","urlTemplate":"http:\/\/testnatur.de\/test.testnatur\/?s={search_term_string}"},"query-input":{"@type":"PropertyValueSpecification","valueRequired":true,"valueName":"search_term_string"}}],"inLanguage":"de"},{"@type":"Organization","@id":"http:\/\/testnatur.de\/test.testnatur\/#organization","name":"Naturerhaltung und Heimatpflege Sch\u00f6llbronn e.V.","url":"http:\/\/testnatur.de\/test.testnatur\/","logo":{"@type":"ImageObject","inLanguage":"de","@id":"http:\/\/testnatur.de\/test.testnatur\/#\/schema\/logo\/image\/","url":"https:\/\/testnatur.de\/test.testnatur\/wp-content\/uploads\/2025\/07\/cropped-cropped-cropped-Unbenannt.png","contentUrl":"https:\/\/testnatur.de\/test.testnatur\/wp-content\/uploads\/2025\/07\/cropped-cropped-cropped-Unbenannt.png","width":512,"height":512,"caption":"Naturerhaltung und Heimatpflege Sch\u00f6llbronn e.V."},"image":{"@id":"http:\/\/testnatur.de\/test.testnatur\/#\/schema\/logo\/image\/"}}]}},"uagb_featured_image_src":{"full":false,"thumbnail":false,"medium":false,"medium_large":false,"large":false,"1536x1536":false,"2048x2048":false},"uagb_author_info":{"display_name":"ThMinRi","author_link":"https:\/\/testnatur.de\/test.testnatur\/author\/thminri\/"},"uagb_comment_info":0,"uagb_excerpt":"Zum 100. Geburtstag des TSV Sch\u00f6llbronn Heimatabend am 15. Juli 2007 Zum 100. Geburtstag des TSV Sch\u00f6llbronn am Heimatabend &#8211; 15. Juli 2007-hat der Verein N&amp;H einen R\u00fcckblick auf die [&hellip;]","_links":{"self":[{"href":"https:\/\/testnatur.de\/test.testnatur\/wp-json\/wp\/v2\/pages\/2263","targetHints":{"allow":["GET"]}}],"collection":[{"href":"https:\/\/testnatur.de\/test.testnatur\/wp-json\/wp\/v2\/pages"}],"about":[{"href":"https:\/\/testnatur.de\/test.testnatur\/wp-json\/wp\/v2\/types\/page"}],"author":[{"embeddable":true,"href":"https:\/\/testnatur.de\/test.testnatur\/wp-json\/wp\/v2\/users\/2"}],"replies":[{"embeddable":true,"href":"https:\/\/testnatur.de\/test.testnatur\/wp-json\/wp\/v2\/comments?post=2263"}],"version-history":[{"count":7,"href":"https:\/\/testnatur.de\/test.testnatur\/wp-json\/wp\/v2\/pages\/2263\/revisions"}],"predecessor-version":[{"id":2516,"href":"https:\/\/testnatur.de\/test.testnatur\/wp-json\/wp\/v2\/pages\/2263\/revisions\/2516"}],"up":[{"embeddable":true,"href":"https:\/\/testnatur.de\/test.testnatur\/wp-json\/wp\/v2\/pages\/1576"}],"wp:attachment":[{"href":"https:\/\/testnatur.de\/test.testnatur\/wp-json\/wp\/v2\/media?parent=2263"}],"curies":[{"name":"wp","href":"https:\/\/api.w.org\/{rel}","templated":true}]}}