{"id":737,"date":"2025-05-27T13:26:14","date_gmt":"2025-05-27T11:26:14","guid":{"rendered":"http:\/\/testnatur.de\/test.testnatur\/?page_id=737"},"modified":"2025-11-02T11:36:45","modified_gmt":"2025-11-02T10:36:45","slug":"weihbueschel","status":"publish","type":"page","link":"https:\/\/testnatur.de\/test.testnatur\/archiv\/weihbueschel\/","title":{"rendered":"2004 Weihb\u00fcschel"},"content":{"rendered":"\t\t<div data-elementor-type=\"wp-page\" data-elementor-id=\"737\" class=\"elementor elementor-737\">\n\t\t\t\t<div class=\"elementor-element elementor-element-5f53c83 e-flex e-con-boxed e-con e-parent\" data-id=\"5f53c83\" data-element_type=\"container\">\n\t\t\t\t\t<div class=\"e-con-inner\">\n\t\t\t\t<div class=\"elementor-element elementor-element-b07b5f6 elementor-widget elementor-widget-heading\" data-id=\"b07b5f6\" data-element_type=\"widget\" data-widget_type=\"heading.default\">\n\t\t\t\t<div class=\"elementor-widget-container\">\n\t\t\t\t\t<h2 class=\"elementor-heading-title elementor-size-default\">2004 Weihb\u00fcschel<\/h2>\t\t\t\t<\/div>\n\t\t\t\t<\/div>\n\t\t\t\t\t<\/div>\n\t\t\t\t<\/div>\n\t\t<div class=\"elementor-element elementor-element-c031bf7 e-flex e-con-boxed e-con e-parent\" data-id=\"c031bf7\" data-element_type=\"container\">\n\t\t\t\t\t<div class=\"e-con-inner\">\n\t\t<div class=\"elementor-element elementor-element-be93026 e-con-full e-flex e-con e-child\" data-id=\"be93026\" data-element_type=\"container\">\n\t\t\t\t<div class=\"elementor-element elementor-element-82f3ac4 elementor-widget elementor-widget-text-editor\" data-id=\"82f3ac4\" data-element_type=\"widget\" data-widget_type=\"text-editor.default\">\n\t\t\t\t<div class=\"elementor-widget-container\">\n\t\t\t\t\t\t\t\t\t<h3><strong>Veranstaltung zum Jubil\u00e4umsjahr 750 Jahre Sch\u00f6llbronn<\/strong><\/h3><p><strong>am Samstag 14. August 2004 16:30 Uhr auf dem Rathausplatz<\/strong><\/p><p style=\"font-size: 16px; font-style: normal; font-weight: 400;\"><strong style=\"font-size: 16px; font-style: normal;\">Zum Fest Mari\u00e4 Himmelfahrt werden die beiden Vereine Naturerhaltung und Heimatpflege und die Kolpingfamilie die alte Tradition des &#8222;Sch\u00f6llbronner Weihb\u00fcschels&#8220; wieder aufleben lassen.<\/strong><\/p><p><strong style=\"font-size: 16px; font-style: normal;\">Der aus 16 Wildkr\u00e4utern zusammengesetzte Weihb\u00fcschel enth\u00e4lt Heilpflanzen f\u00fcr Tier und Mensch. Zun\u00e4chst werden die Pflanzen bei einer kleinen Wanderung gesammelt.<\/strong><\/p><p><strong>Die einzelnen Pflanzen werden dann von unserem Kr\u00e4uterkundigen ausf\u00fchrlich vorgestellt. \u00c4ltere Sch\u00f6llbronner Einwohner werden erz\u00e4hlen, wie es fr\u00fcher war. Die Weihb\u00fcschel k\u00f6nnen gegen eine freiwillige Spende erworben werden. Eine kleine Bewirtung auf dem Kirchplatz l\u00e4dt zum Verweilen ein.<\/strong><\/p><p><strong>Am Sonntag wird Herr Pfarrer Pummer dann die Kr\u00e4uterb\u00fcschel nach altem Brauch in der Kirche weihen.<\/strong><\/p>\t\t\t\t\t\t\t\t<\/div>\n\t\t\t\t<\/div>\n\t\t\t\t<\/div>\n\t\t<div class=\"elementor-element elementor-element-90be728 e-con-full e-flex e-con e-child\" data-id=\"90be728\" data-element_type=\"container\">\n\t\t\t\t<div class=\"elementor-element elementor-element-5d4c045 elementor-widget elementor-widget-image\" data-id=\"5d4c045\" data-element_type=\"widget\" data-widget_type=\"image.default\">\n\t\t\t\t<div class=\"elementor-widget-container\">\n\t\t\t\t\t\t\t\t\t\t\t\t<figure class=\"wp-caption\">\n\t\t\t\t\t\t\t\t\t\t\t<a href=\"http:\/\/testnatur.de\/test.testnatur\/wp-content\/uploads\/2025\/11\/bluehpflanzen_600.jpg\" data-elementor-open-lightbox=\"yes\" data-elementor-lightbox-title=\"bluehpflanzen_600\" data-e-action-hash=\"#elementor-action%3Aaction%3Dlightbox%26settings%3DeyJpZCI6MjYwNiwidXJsIjoiaHR0cHM6XC9cL3Rlc3RuYXR1ci5kZVwvdGVzdC50ZXN0bmF0dXJcL3dwLWNvbnRlbnRcL3VwbG9hZHNcLzIwMjVcLzExXC9ibHVlaHBmbGFuemVuXzYwMC5qcGcifQ%3D%3D\">\n\t\t\t\t\t\t\t<img fetchpriority=\"high\" decoding=\"async\" width=\"441\" height=\"600\" src=\"https:\/\/testnatur.de\/test.testnatur\/wp-content\/uploads\/2025\/11\/bluehpflanzen_600.jpg\" class=\"attachment-full size-full wp-image-2606\" alt=\"\" srcset=\"https:\/\/testnatur.de\/test.testnatur\/wp-content\/uploads\/2025\/11\/bluehpflanzen_600.jpg 441w, https:\/\/testnatur.de\/test.testnatur\/wp-content\/uploads\/2025\/11\/bluehpflanzen_600-221x300.jpg 221w\" sizes=\"(max-width: 441px) 100vw, 441px\" \/>\t\t\t\t\t\t\t\t<\/a>\n\t\t\t\t\t\t\t\t\t\t\t<figcaption class=\"widget-image-caption wp-caption-text\"><\/figcaption>\n\t\t\t\t\t\t\t\t\t\t<\/figure>\n\t\t\t\t\t\t\t\t\t<\/div>\n\t\t\t\t<\/div>\n\t\t\t\t<\/div>\n\t\t\t\t\t<\/div>\n\t\t\t\t<\/div>\n\t\t<div class=\"elementor-element elementor-element-8011ce3 e-flex e-con-boxed e-con e-parent\" data-id=\"8011ce3\" data-element_type=\"container\">\n\t\t\t\t\t<div class=\"e-con-inner\">\n\t\t\t\t<div class=\"elementor-element elementor-element-3bb11a8 elementor-arrows-position-inside elementor-pagination-position-outside elementor-widget elementor-widget-image-carousel\" data-id=\"3bb11a8\" data-element_type=\"widget\" data-settings=\"{&quot;navigation&quot;:&quot;both&quot;,&quot;autoplay&quot;:&quot;yes&quot;,&quot;pause_on_hover&quot;:&quot;yes&quot;,&quot;pause_on_interaction&quot;:&quot;yes&quot;,&quot;autoplay_speed&quot;:5000,&quot;infinite&quot;:&quot;yes&quot;,&quot;speed&quot;:500}\" data-widget_type=\"image-carousel.default\">\n\t\t\t\t<div class=\"elementor-widget-container\">\n\t\t\t\t\t\t\t<div class=\"elementor-image-carousel-wrapper swiper\" role=\"region\" aria-roledescription=\"carousel\" aria-label=\"Bild Karussell\" dir=\"ltr\">\n\t\t\t<div class=\"elementor-image-carousel swiper-wrapper\" aria-live=\"off\">\n\t\t\t\t\t\t\t\t<div class=\"swiper-slide\" role=\"group\" aria-roledescription=\"slide\" aria-label=\"1 von 6\"><a data-elementor-open-lightbox=\"yes\" data-elementor-lightbox-slideshow=\"3bb11a8\" data-elementor-lightbox-title=\"Schafgabe am Wegesrand\" data-elementor-lightbox-description=\"Schafgabe am Wegesrand\" data-e-action-hash=\"#elementor-action%3Aaction%3Dlightbox%26settings%3DeyJpZCI6OTUwLCJ1cmwiOiJodHRwczpcL1wvdGVzdG5hdHVyLmRlXC90ZXN0LnRlc3RuYXR1clwvd3AtY29udGVudFwvdXBsb2Fkc1wvMjAyNVwvMDZcL3NjaGFmZ2FiZV9hbV93ZWdlc3JhbmQxLmpwZyIsInNsaWRlc2hvdyI6IjNiYjExYTgifQ%3D%3D\" href=\"https:\/\/testnatur.de\/test.testnatur\/wp-content\/uploads\/2025\/06\/schafgabe_am_wegesrand1.jpg\"><figure class=\"swiper-slide-inner\"><img decoding=\"async\" class=\"swiper-slide-image\" src=\"https:\/\/testnatur.de\/test.testnatur\/wp-content\/uploads\/2025\/06\/schafgabe_am_wegesrand1-150x150.jpg\" alt=\"Schafgabe am Wegesrand\" \/><figcaption class=\"elementor-image-carousel-caption\">Schafgabe am Wegesrand<\/figcaption><\/figure><\/a><\/div><div class=\"swiper-slide\" role=\"group\" aria-roledescription=\"slide\" aria-label=\"2 von 6\"><a data-elementor-open-lightbox=\"yes\" data-elementor-lightbox-slideshow=\"3bb11a8\" data-elementor-lightbox-title=\"bluehende_pflanzen_warten_auf_ihre_verarbeitung_600-300x281\" data-e-action-hash=\"#elementor-action%3Aaction%3Dlightbox%26settings%3DeyJpZCI6MjU5OSwidXJsIjoiaHR0cHM6XC9cL3Rlc3RuYXR1ci5kZVwvdGVzdC50ZXN0bmF0dXJcL3dwLWNvbnRlbnRcL3VwbG9hZHNcLzIwMjVcLzExXC9ibHVlaGVuZGVfcGZsYW56ZW5fd2FydGVuX2F1Zl9paHJlX3ZlcmFyYmVpdHVuZ182MDAtMzAweDI4MS0xLmpwZyIsInNsaWRlc2hvdyI6IjNiYjExYTgifQ%3D%3D\" href=\"https:\/\/testnatur.de\/test.testnatur\/wp-content\/uploads\/2025\/11\/bluehende_pflanzen_warten_auf_ihre_verarbeitung_600-300x281-1.jpg\"><figure class=\"swiper-slide-inner\"><img decoding=\"async\" class=\"swiper-slide-image\" src=\"https:\/\/testnatur.de\/test.testnatur\/wp-content\/uploads\/2025\/11\/bluehende_pflanzen_warten_auf_ihre_verarbeitung_600-300x281-1-150x150.jpg\" alt=\"bluehende_pflanzen_warten_auf_ihre_verarbeitung_600-300x281\" \/><figcaption class=\"elementor-image-carousel-caption\">bluehende_pflanzen_warten_auf_ihre_verarbeitung_600-300x281<\/figcaption><\/figure><\/a><\/div><div class=\"swiper-slide\" role=\"group\" aria-roledescription=\"slide\" aria-label=\"3 von 6\"><a data-elementor-open-lightbox=\"yes\" data-elementor-lightbox-slideshow=\"3bb11a8\" data-elementor-lightbox-title=\"DC4300 Digital Camera\" data-e-action-hash=\"#elementor-action%3Aaction%3Dlightbox%26settings%3DeyJpZCI6MjYwMSwidXJsIjoiaHR0cHM6XC9cL3Rlc3RuYXR1ci5kZVwvdGVzdC50ZXN0bmF0dXJcL3dwLWNvbnRlbnRcL3VwbG9hZHNcLzIwMjVcLzExXC9kaWVfa3JhZXV0ZXItd2FuZGVyZXJfd2FydGVuX2JlaV9yZWduZXJpc2NoZW1fd2V0dGVyX3Zvcl9kZW1fcGZhcnJzYWFsXzYwMC0zMDB4MjI1LTEuanBnIiwic2xpZGVzaG93IjoiM2JiMTFhOCJ9\" href=\"https:\/\/testnatur.de\/test.testnatur\/wp-content\/uploads\/2025\/11\/die_kraeuter-wanderer_warten_bei_regnerischem_wetter_vor_dem_pfarrsaal_600-300x225-1.jpg\"><figure class=\"swiper-slide-inner\"><img decoding=\"async\" class=\"swiper-slide-image\" src=\"https:\/\/testnatur.de\/test.testnatur\/wp-content\/uploads\/2025\/11\/die_kraeuter-wanderer_warten_bei_regnerischem_wetter_vor_dem_pfarrsaal_600-300x225-1-150x150.jpg\" alt=\"DC4300 Digital Camera\" \/><figcaption class=\"elementor-image-carousel-caption\">DC4300 Digital Camera<\/figcaption><\/figure><\/a><\/div><div class=\"swiper-slide\" role=\"group\" aria-roledescription=\"slide\" aria-label=\"4 von 6\"><a data-elementor-open-lightbox=\"yes\" data-elementor-lightbox-slideshow=\"3bb11a8\" data-elementor-lightbox-title=\"johanniskraut_600\" data-e-action-hash=\"#elementor-action%3Aaction%3Dlightbox%26settings%3DeyJpZCI6MjYwMiwidXJsIjoiaHR0cHM6XC9cL3Rlc3RuYXR1ci5kZVwvdGVzdC50ZXN0bmF0dXJcL3dwLWNvbnRlbnRcL3VwbG9hZHNcLzIwMjVcLzExXC9qb2hhbm5pc2tyYXV0XzYwMC5qcGciLCJzbGlkZXNob3ciOiIzYmIxMWE4In0%3D\" href=\"https:\/\/testnatur.de\/test.testnatur\/wp-content\/uploads\/2025\/11\/johanniskraut_600.jpg\"><figure class=\"swiper-slide-inner\"><img decoding=\"async\" class=\"swiper-slide-image\" src=\"https:\/\/testnatur.de\/test.testnatur\/wp-content\/uploads\/2025\/11\/johanniskraut_600-150x150.jpg\" alt=\"johanniskraut_600\" \/><figcaption class=\"elementor-image-carousel-caption\">johanniskraut_600<\/figcaption><\/figure><\/a><\/div><div class=\"swiper-slide\" role=\"group\" aria-roledescription=\"slide\" aria-label=\"5 von 6\"><a data-elementor-open-lightbox=\"yes\" data-elementor-lightbox-slideshow=\"3bb11a8\" data-elementor-lightbox-title=\"rainfarn_600-150x150\" data-e-action-hash=\"#elementor-action%3Aaction%3Dlightbox%26settings%3DeyJpZCI6MjYwNCwidXJsIjoiaHR0cHM6XC9cL3Rlc3RuYXR1ci5kZVwvdGVzdC50ZXN0bmF0dXJcL3dwLWNvbnRlbnRcL3VwbG9hZHNcLzIwMjVcLzExXC9yYWluZmFybl82MDAtMTUweDE1MC0xLmpwZyIsInNsaWRlc2hvdyI6IjNiYjExYTgifQ%3D%3D\" href=\"https:\/\/testnatur.de\/test.testnatur\/wp-content\/uploads\/2025\/11\/rainfarn_600-150x150-1.jpg\"><figure class=\"swiper-slide-inner\"><img decoding=\"async\" class=\"swiper-slide-image\" src=\"https:\/\/testnatur.de\/test.testnatur\/wp-content\/uploads\/2025\/11\/rainfarn_600-150x150-1.jpg\" alt=\"rainfarn_600-150x150\" \/><figcaption class=\"elementor-image-carousel-caption\">rainfarn_600-150x150<\/figcaption><\/figure><\/a><\/div><div class=\"swiper-slide\" role=\"group\" aria-roledescription=\"slide\" aria-label=\"6 von 6\"><a data-elementor-open-lightbox=\"yes\" data-elementor-lightbox-slideshow=\"3bb11a8\" data-elementor-lightbox-title=\"teufelskralle_600-1-150x150\" data-e-action-hash=\"#elementor-action%3Aaction%3Dlightbox%26settings%3DeyJpZCI6MjYwNSwidXJsIjoiaHR0cHM6XC9cL3Rlc3RuYXR1ci5kZVwvdGVzdC50ZXN0bmF0dXJcL3dwLWNvbnRlbnRcL3VwbG9hZHNcLzIwMjVcLzExXC90ZXVmZWxza3JhbGxlXzYwMC0xLTE1MHgxNTAtMS5qcGciLCJzbGlkZXNob3ciOiIzYmIxMWE4In0%3D\" href=\"https:\/\/testnatur.de\/test.testnatur\/wp-content\/uploads\/2025\/11\/teufelskralle_600-1-150x150-1.jpg\"><figure class=\"swiper-slide-inner\"><img decoding=\"async\" class=\"swiper-slide-image\" src=\"https:\/\/testnatur.de\/test.testnatur\/wp-content\/uploads\/2025\/11\/teufelskralle_600-1-150x150-1.jpg\" alt=\"teufelskralle_600-1-150x150\" \/><figcaption class=\"elementor-image-carousel-caption\">teufelskralle_600-1-150x150<\/figcaption><\/figure><\/a><\/div>\t\t\t<\/div>\n\t\t\t\t\t\t\t\t\t\t\t\t<div class=\"elementor-swiper-button elementor-swiper-button-prev\" role=\"button\" tabindex=\"0\">\n\t\t\t\t\t\t<svg aria-hidden=\"true\" class=\"e-font-icon-svg e-eicon-chevron-left\" viewBox=\"0 0 1000 1000\" xmlns=\"http:\/\/www.w3.org\/2000\/svg\"><path d=\"M646 125C629 125 613 133 604 142L308 442C296 454 292 471 292 487 292 504 296 521 308 533L604 854C617 867 629 875 646 875 663 875 679 871 692 858 704 846 713 829 713 812 713 796 708 779 692 767L438 487 692 225C700 217 708 204 708 187 708 171 704 154 692 142 675 129 663 125 646 125Z\"><\/path><\/svg>\t\t\t\t\t<\/div>\n\t\t\t\t\t<div class=\"elementor-swiper-button elementor-swiper-button-next\" role=\"button\" tabindex=\"0\">\n\t\t\t\t\t\t<svg aria-hidden=\"true\" class=\"e-font-icon-svg e-eicon-chevron-right\" viewBox=\"0 0 1000 1000\" xmlns=\"http:\/\/www.w3.org\/2000\/svg\"><path d=\"M696 533C708 521 713 504 713 487 713 471 708 454 696 446L400 146C388 133 375 125 354 125 338 125 325 129 313 142 300 154 292 171 292 187 292 204 296 221 308 233L563 492 304 771C292 783 288 800 288 817 288 833 296 850 308 863 321 871 338 875 354 875 371 875 388 867 400 854L696 533Z\"><\/path><\/svg>\t\t\t\t\t<\/div>\n\t\t\t\t\n\t\t\t\t\t\t\t\t\t<div class=\"swiper-pagination\"><\/div>\n\t\t\t\t\t\t\t\t\t<\/div>\n\t\t\t\t\t\t<\/div>\n\t\t\t\t<\/div>\n\t\t\t\t\t<\/div>\n\t\t\t\t<\/div>\n\t\t\t\t<\/div>\n\t\t","protected":false},"excerpt":{"rendered":"<p>2004 Weihb\u00fcschel Veranstaltung zum Jubil\u00e4umsjahr 750 Jahre Sch\u00f6llbronn am Samstag 14. August 2004 16:30 Uhr auf dem Rathausplatz Zum Fest Mari\u00e4 Himmelfahrt werden die beiden Vereine Naturerhaltung und Heimatpflege und [&hellip;]<\/p>\n","protected":false},"author":2,"featured_media":0,"parent":1576,"menu_order":3,"comment_status":"closed","ping_status":"closed","template":"","meta":{"_uag_custom_page_level_css":"","site-sidebar-layout":"no-sidebar","site-content-layout":"","ast-site-content-layout":"normal-width-container","site-content-style":"boxed","site-sidebar-style":"default","ast-global-header-display":"","ast-banner-title-visibility":"","ast-main-header-display":"","ast-hfb-above-header-display":"","ast-hfb-below-header-display":"","ast-hfb-mobile-header-display":"","site-post-title":"disabled","ast-breadcrumbs-content":"","ast-featured-img":"disabled","footer-sml-layout":"","theme-transparent-header-meta":"","adv-header-id-meta":"","stick-header-meta":"","header-above-stick-meta":"","header-main-stick-meta":"","header-below-stick-meta":"","astra-migrate-meta-layouts":"default","ast-page-background-enabled":"default","ast-page-background-meta":{"desktop":{"background-color":"var(--ast-global-color-5)","background-image":"","background-repeat":"repeat","background-position":"center center","background-size":"auto","background-attachment":"scroll","background-type":"","background-media":"","overlay-type":"","overlay-color":"","overlay-opacity":"","overlay-gradient":""},"tablet":{"background-color":"","background-image":"","background-repeat":"repeat","background-position":"center center","background-size":"auto","background-attachment":"scroll","background-type":"","background-media":"","overlay-type":"","overlay-color":"","overlay-opacity":"","overlay-gradient":""},"mobile":{"background-color":"","background-image":"","background-repeat":"repeat","background-position":"center center","background-size":"auto","background-attachment":"scroll","background-type":"","background-media":"","overlay-type":"","overlay-color":"","overlay-opacity":"","overlay-gradient":""}},"ast-content-background-meta":{"desktop":{"background-color":"var(--ast-global-color-4)","background-image":"","background-repeat":"repeat","background-position":"center center","background-size":"auto","background-attachment":"scroll","background-type":"","background-media":"","overlay-type":"","overlay-color":"","overlay-opacity":"","overlay-gradient":""},"tablet":{"background-color":"var(--ast-global-color-4)","background-image":"","background-repeat":"repeat","background-position":"center center","background-size":"auto","background-attachment":"scroll","background-type":"","background-media":"","overlay-type":"","overlay-color":"","overlay-opacity":"","overlay-gradient":""},"mobile":{"background-color":"var(--ast-global-color-4)","background-image":"","background-repeat":"repeat","background-position":"center center","background-size":"auto","background-attachment":"scroll","background-type":"","background-media":"","overlay-type":"","overlay-color":"","overlay-opacity":"","overlay-gradient":""}},"footnotes":""},"class_list":["post-737","page","type-page","status-publish","hentry"],"yoast_head":"<!-- This site is optimized with the Yoast SEO plugin v25.6 - https:\/\/yoast.com\/wordpress\/plugins\/seo\/ -->\n<title>2004 Weihb\u00fcschel - Naturerhaltung und Heimatpflege Sch\u00f6llbronn e.V.<\/title>\n<meta name=\"robots\" content=\"noindex, follow, max-snippet:-1, max-image-preview:large, max-video-preview:-1\" \/>\n<meta property=\"og:locale\" content=\"de_DE\" \/>\n<meta property=\"og:type\" content=\"article\" \/>\n<meta property=\"og:title\" content=\"2004 Weihb\u00fcschel - Naturerhaltung und Heimatpflege Sch\u00f6llbronn e.V.\" \/>\n<meta property=\"og:description\" content=\"2004 Weihb\u00fcschel Veranstaltung zum Jubil\u00e4umsjahr 750 Jahre Sch\u00f6llbronn am Samstag 14. August 2004 16:30 Uhr auf dem Rathausplatz Zum Fest Mari\u00e4 Himmelfahrt werden die beiden Vereine Naturerhaltung und Heimatpflege und [&hellip;]\" \/>\n<meta property=\"og:url\" content=\"http:\/\/testnatur.de\/test.testnatur\/archiv\/weihbueschel\/\" \/>\n<meta property=\"og:site_name\" content=\"Naturerhaltung und Heimatpflege Sch\u00f6llbronn e.V.\" \/>\n<meta property=\"article:modified_time\" content=\"2025-11-02T10:36:45+00:00\" \/>\n<meta property=\"og:image\" content=\"http:\/\/testnatur.de\/test.testnatur\/wp-content\/uploads\/2025\/11\/bluehpflanzen_600.jpg\" \/>\n<meta name=\"twitter:card\" content=\"summary_large_image\" \/>\n<meta name=\"twitter:label1\" content=\"Gesch\u00e4tzte Lesezeit\" \/>\n\t<meta name=\"twitter:data1\" content=\"4\u00a0Minuten\" \/>\n<script type=\"application\/ld+json\" class=\"yoast-schema-graph\">{\"@context\":\"https:\/\/schema.org\",\"@graph\":[{\"@type\":\"WebPage\",\"@id\":\"http:\/\/testnatur.de\/test.testnatur\/archiv\/weihbueschel\/\",\"url\":\"http:\/\/testnatur.de\/test.testnatur\/archiv\/weihbueschel\/\",\"name\":\"2004 Weihb\u00fcschel - Naturerhaltung und Heimatpflege Sch\u00f6llbronn e.V.\",\"isPartOf\":{\"@id\":\"http:\/\/testnatur.de\/test.testnatur\/#website\"},\"primaryImageOfPage\":{\"@id\":\"http:\/\/testnatur.de\/test.testnatur\/archiv\/weihbueschel\/#primaryimage\"},\"image\":{\"@id\":\"http:\/\/testnatur.de\/test.testnatur\/archiv\/weihbueschel\/#primaryimage\"},\"thumbnailUrl\":\"http:\/\/testnatur.de\/test.testnatur\/wp-content\/uploads\/2025\/11\/bluehpflanzen_600.jpg\",\"datePublished\":\"2025-05-27T11:26:14+00:00\",\"dateModified\":\"2025-11-02T10:36:45+00:00\",\"breadcrumb\":{\"@id\":\"http:\/\/testnatur.de\/test.testnatur\/archiv\/weihbueschel\/#breadcrumb\"},\"inLanguage\":\"de\",\"potentialAction\":[{\"@type\":\"ReadAction\",\"target\":[\"http:\/\/testnatur.de\/test.testnatur\/archiv\/weihbueschel\/\"]}]},{\"@type\":\"ImageObject\",\"inLanguage\":\"de\",\"@id\":\"http:\/\/testnatur.de\/test.testnatur\/archiv\/weihbueschel\/#primaryimage\",\"url\":\"http:\/\/testnatur.de\/test.testnatur\/wp-content\/uploads\/2025\/11\/bluehpflanzen_600.jpg\",\"contentUrl\":\"http:\/\/testnatur.de\/test.testnatur\/wp-content\/uploads\/2025\/11\/bluehpflanzen_600.jpg\"},{\"@type\":\"BreadcrumbList\",\"@id\":\"http:\/\/testnatur.de\/test.testnatur\/archiv\/weihbueschel\/#breadcrumb\",\"itemListElement\":[{\"@type\":\"ListItem\",\"position\":1,\"name\":\"Startseite\",\"item\":\"http:\/\/testnatur.de\/test.testnatur\/\"},{\"@type\":\"ListItem\",\"position\":2,\"name\":\"Archiv\",\"item\":\"http:\/\/testnatur.de\/test.testnatur\/archiv\/\"},{\"@type\":\"ListItem\",\"position\":3,\"name\":\"2004 Weihb\u00fcschel\"}]},{\"@type\":\"WebSite\",\"@id\":\"http:\/\/testnatur.de\/test.testnatur\/#website\",\"url\":\"http:\/\/testnatur.de\/test.testnatur\/\",\"name\":\"Naturerhaltung und Heimatpflege Sch\u00f6llbronn e.V.\",\"description\":\"Zeit f\u00fcr die Natur\",\"publisher\":{\"@id\":\"http:\/\/testnatur.de\/test.testnatur\/#organization\"},\"potentialAction\":[{\"@type\":\"SearchAction\",\"target\":{\"@type\":\"EntryPoint\",\"urlTemplate\":\"http:\/\/testnatur.de\/test.testnatur\/?s={search_term_string}\"},\"query-input\":{\"@type\":\"PropertyValueSpecification\",\"valueRequired\":true,\"valueName\":\"search_term_string\"}}],\"inLanguage\":\"de\"},{\"@type\":\"Organization\",\"@id\":\"http:\/\/testnatur.de\/test.testnatur\/#organization\",\"name\":\"Naturerhaltung und Heimatpflege Sch\u00f6llbronn e.V.\",\"url\":\"http:\/\/testnatur.de\/test.testnatur\/\",\"logo\":{\"@type\":\"ImageObject\",\"inLanguage\":\"de\",\"@id\":\"http:\/\/testnatur.de\/test.testnatur\/#\/schema\/logo\/image\/\",\"url\":\"https:\/\/testnatur.de\/test.testnatur\/wp-content\/uploads\/2025\/07\/cropped-cropped-cropped-Unbenannt.png\",\"contentUrl\":\"https:\/\/testnatur.de\/test.testnatur\/wp-content\/uploads\/2025\/07\/cropped-cropped-cropped-Unbenannt.png\",\"width\":512,\"height\":512,\"caption\":\"Naturerhaltung und Heimatpflege Sch\u00f6llbronn e.V.\"},\"image\":{\"@id\":\"http:\/\/testnatur.de\/test.testnatur\/#\/schema\/logo\/image\/\"}}]}<\/script>\n<!-- \/ Yoast SEO plugin. -->","yoast_head_json":{"title":"2004 Weihb\u00fcschel - Naturerhaltung und Heimatpflege Sch\u00f6llbronn e.V.","robots":{"index":"noindex","follow":"follow","max-snippet":"max-snippet:-1","max-image-preview":"max-image-preview:large","max-video-preview":"max-video-preview:-1"},"og_locale":"de_DE","og_type":"article","og_title":"2004 Weihb\u00fcschel - Naturerhaltung und Heimatpflege Sch\u00f6llbronn e.V.","og_description":"2004 Weihb\u00fcschel Veranstaltung zum Jubil\u00e4umsjahr 750 Jahre Sch\u00f6llbronn am Samstag 14. August 2004 16:30 Uhr auf dem Rathausplatz Zum Fest Mari\u00e4 Himmelfahrt werden die beiden Vereine Naturerhaltung und Heimatpflege und [&hellip;]","og_url":"http:\/\/testnatur.de\/test.testnatur\/archiv\/weihbueschel\/","og_site_name":"Naturerhaltung und Heimatpflege Sch\u00f6llbronn e.V.","article_modified_time":"2025-11-02T10:36:45+00:00","og_image":[{"url":"http:\/\/testnatur.de\/test.testnatur\/wp-content\/uploads\/2025\/11\/bluehpflanzen_600.jpg","type":"","width":"","height":""}],"twitter_card":"summary_large_image","twitter_misc":{"Gesch\u00e4tzte Lesezeit":"4\u00a0Minuten"},"schema":{"@context":"https:\/\/schema.org","@graph":[{"@type":"WebPage","@id":"http:\/\/testnatur.de\/test.testnatur\/archiv\/weihbueschel\/","url":"http:\/\/testnatur.de\/test.testnatur\/archiv\/weihbueschel\/","name":"2004 Weihb\u00fcschel - Naturerhaltung und Heimatpflege Sch\u00f6llbronn e.V.","isPartOf":{"@id":"http:\/\/testnatur.de\/test.testnatur\/#website"},"primaryImageOfPage":{"@id":"http:\/\/testnatur.de\/test.testnatur\/archiv\/weihbueschel\/#primaryimage"},"image":{"@id":"http:\/\/testnatur.de\/test.testnatur\/archiv\/weihbueschel\/#primaryimage"},"thumbnailUrl":"http:\/\/testnatur.de\/test.testnatur\/wp-content\/uploads\/2025\/11\/bluehpflanzen_600.jpg","datePublished":"2025-05-27T11:26:14+00:00","dateModified":"2025-11-02T10:36:45+00:00","breadcrumb":{"@id":"http:\/\/testnatur.de\/test.testnatur\/archiv\/weihbueschel\/#breadcrumb"},"inLanguage":"de","potentialAction":[{"@type":"ReadAction","target":["http:\/\/testnatur.de\/test.testnatur\/archiv\/weihbueschel\/"]}]},{"@type":"ImageObject","inLanguage":"de","@id":"http:\/\/testnatur.de\/test.testnatur\/archiv\/weihbueschel\/#primaryimage","url":"http:\/\/testnatur.de\/test.testnatur\/wp-content\/uploads\/2025\/11\/bluehpflanzen_600.jpg","contentUrl":"http:\/\/testnatur.de\/test.testnatur\/wp-content\/uploads\/2025\/11\/bluehpflanzen_600.jpg"},{"@type":"BreadcrumbList","@id":"http:\/\/testnatur.de\/test.testnatur\/archiv\/weihbueschel\/#breadcrumb","itemListElement":[{"@type":"ListItem","position":1,"name":"Startseite","item":"http:\/\/testnatur.de\/test.testnatur\/"},{"@type":"ListItem","position":2,"name":"Archiv","item":"http:\/\/testnatur.de\/test.testnatur\/archiv\/"},{"@type":"ListItem","position":3,"name":"2004 Weihb\u00fcschel"}]},{"@type":"WebSite","@id":"http:\/\/testnatur.de\/test.testnatur\/#website","url":"http:\/\/testnatur.de\/test.testnatur\/","name":"Naturerhaltung und Heimatpflege Sch\u00f6llbronn e.V.","description":"Zeit f\u00fcr die Natur","publisher":{"@id":"http:\/\/testnatur.de\/test.testnatur\/#organization"},"potentialAction":[{"@type":"SearchAction","target":{"@type":"EntryPoint","urlTemplate":"http:\/\/testnatur.de\/test.testnatur\/?s={search_term_string}"},"query-input":{"@type":"PropertyValueSpecification","valueRequired":true,"valueName":"search_term_string"}}],"inLanguage":"de"},{"@type":"Organization","@id":"http:\/\/testnatur.de\/test.testnatur\/#organization","name":"Naturerhaltung und Heimatpflege Sch\u00f6llbronn e.V.","url":"http:\/\/testnatur.de\/test.testnatur\/","logo":{"@type":"ImageObject","inLanguage":"de","@id":"http:\/\/testnatur.de\/test.testnatur\/#\/schema\/logo\/image\/","url":"https:\/\/testnatur.de\/test.testnatur\/wp-content\/uploads\/2025\/07\/cropped-cropped-cropped-Unbenannt.png","contentUrl":"https:\/\/testnatur.de\/test.testnatur\/wp-content\/uploads\/2025\/07\/cropped-cropped-cropped-Unbenannt.png","width":512,"height":512,"caption":"Naturerhaltung und Heimatpflege Sch\u00f6llbronn e.V."},"image":{"@id":"http:\/\/testnatur.de\/test.testnatur\/#\/schema\/logo\/image\/"}}]}},"uagb_featured_image_src":{"full":false,"thumbnail":false,"medium":false,"medium_large":false,"large":false,"1536x1536":false,"2048x2048":false},"uagb_author_info":{"display_name":"ThMinRi","author_link":"https:\/\/testnatur.de\/test.testnatur\/author\/thminri\/"},"uagb_comment_info":0,"uagb_excerpt":"2004 Weihb\u00fcschel Veranstaltung zum Jubil\u00e4umsjahr 750 Jahre Sch\u00f6llbronn am Samstag 14. August 2004 16:30 Uhr auf dem Rathausplatz Zum Fest Mari\u00e4 Himmelfahrt werden die beiden Vereine Naturerhaltung und Heimatpflege und [&hellip;]","_links":{"self":[{"href":"https:\/\/testnatur.de\/test.testnatur\/wp-json\/wp\/v2\/pages\/737","targetHints":{"allow":["GET"]}}],"collection":[{"href":"https:\/\/testnatur.de\/test.testnatur\/wp-json\/wp\/v2\/pages"}],"about":[{"href":"https:\/\/testnatur.de\/test.testnatur\/wp-json\/wp\/v2\/types\/page"}],"author":[{"embeddable":true,"href":"https:\/\/testnatur.de\/test.testnatur\/wp-json\/wp\/v2\/users\/2"}],"replies":[{"embeddable":true,"href":"https:\/\/testnatur.de\/test.testnatur\/wp-json\/wp\/v2\/comments?post=737"}],"version-history":[{"count":72,"href":"https:\/\/testnatur.de\/test.testnatur\/wp-json\/wp\/v2\/pages\/737\/revisions"}],"predecessor-version":[{"id":2609,"href":"https:\/\/testnatur.de\/test.testnatur\/wp-json\/wp\/v2\/pages\/737\/revisions\/2609"}],"up":[{"embeddable":true,"href":"https:\/\/testnatur.de\/test.testnatur\/wp-json\/wp\/v2\/pages\/1576"}],"wp:attachment":[{"href":"https:\/\/testnatur.de\/test.testnatur\/wp-json\/wp\/v2\/media?parent=737"}],"curies":[{"name":"wp","href":"https:\/\/api.w.org\/{rel}","templated":true}]}}