{"id":821,"date":"2025-05-29T12:15:49","date_gmt":"2025-05-29T10:15:49","guid":{"rendered":"http:\/\/testnatur.de\/test.testnatur\/?page_id=821"},"modified":"2025-10-20T13:58:30","modified_gmt":"2025-10-20T11:58:30","slug":"runde-mit-herz","status":"publish","type":"page","link":"https:\/\/testnatur.de\/test.testnatur\/wanderwege\/runde-mit-herz\/","title":{"rendered":"Sch\u00f6llbronner Runde mit Herz"},"content":{"rendered":"\t\t<div data-elementor-type=\"wp-page\" data-elementor-id=\"821\" class=\"elementor elementor-821\">\n\t\t\t\t<div class=\"elementor-element elementor-element-3b4aa3a e-flex e-con-boxed e-con e-parent\" data-id=\"3b4aa3a\" data-element_type=\"container\">\n\t\t\t\t\t<div class=\"e-con-inner\">\n\t\t\t\t<div class=\"elementor-element elementor-element-7a32a03 elementor-widget elementor-widget-text-editor\" data-id=\"7a32a03\" data-element_type=\"widget\" data-widget_type=\"text-editor.default\">\n\t\t\t\t<div class=\"elementor-widget-container\">\n\t\t\t\t\t\t\t\t\t<p>Herzlich willkommen liebe Natur- und Wanderfreunde. Inzwischen ist die Planungsphase abgeschlossen und das Projekt soll 2026 umgesetzt werden. Freuen Sie sich auf<\/p>\t\t\t\t\t\t\t\t<\/div>\n\t\t\t\t<\/div>\n\t\t\t\t<div class=\"elementor-element elementor-element-9eba71b elementor-widget elementor-widget-text-editor\" data-id=\"9eba71b\" data-element_type=\"widget\" data-widget_type=\"text-editor.default\">\n\t\t\t\t<div class=\"elementor-widget-container\">\n\t\t\t\t\t\t\t\t\t<p><strong><span style=\"color: #3366ff;\">Wasser<\/span>.<\/strong><strong><span style=\"color: #339966;\">Wald<\/span>.<\/strong><strong><span style=\"color: #ffcc00;\">Wiese<\/span>.<br \/><\/strong><strong>Sch\u00f6llbronner Runde<\/strong><strong>\u00a0mit <span style=\"color: #ff0000;\">Herz<\/span><\/strong><\/p>\t\t\t\t\t\t\t\t<\/div>\n\t\t\t\t<\/div>\n\t\t\t\t<div class=\"elementor-element elementor-element-b358fe6 elementor-widget elementor-widget-text-editor\" data-id=\"b358fe6\" data-element_type=\"widget\" data-widget_type=\"text-editor.default\">\n\t\t\t\t<div class=\"elementor-widget-container\">\n\t\t\t\t\t\t\t\t\t<p>mit dem Ziel, ein zukunftsf\u00e4higes Wandererlebnis zu schaffen, das Natur, Heimatgeschichte und digitale Innovation verbindet und gleichzeitig Ortschaften vernetzt, sanften Tourismus in der Region f\u00f6rdert und zu gesundheitsf\u00f6rderlichen Aktivit\u00e4ten animiert.<\/p><p>Wanderer und Naturliebhaber erleben einen sorgf\u00e4ltig geplanten, gut ausgeschilderten Weg, mit naturnahen Rastm\u00f6glichkeiten und Einblicken in die Geschichte des Ortes Sch\u00f6llbronn. Dieser f\u00fchrt durch wertvolle Landschaftsstrukturen wie die Streuobstwiesen und W\u00e4sserwiesen, die nicht nur ein kulturelles Erbe, sondern auch bedeutende Lebensr\u00e4ume f\u00fcr Tiere und Pflanzen darstellen. Durch die Anbindung an den Spechtweg und den V\u00f6lkersbacher Rundweg wird das Wegenetz der Region auf dem H\u00f6henr\u00fccken ausgebaut. Dies st\u00e4rkt die regionale Identit\u00e4t und den Austausch zwischen den D\u00f6rfern, was sowohl f\u00fcr Einheimische als auch Touristen attraktiv ist.<\/p><p>Der Einsatz umweltfreundlicher Materialien f\u00fcr Wegweiser, Infotafeln und Rastpl\u00e4tze unterstreicht die \u00f6kologische Vertr\u00e4glichkeit des Projekts. Dies zeigt, dass der Rundwanderweg nicht nur touristischen Zwecken dient, sondern auch die Natur als Lebensraum respektiert.<br \/><span style=\"font-style: inherit; font-weight: inherit;\">Er <\/span><i style=\"font-weight: inherit;\">verbindet <\/i><span style=\"font-style: inherit; font-weight: inherit;\">moderne Freizeitm\u00f6glichkeiten mit der historischen und kulturellen Identit\u00e4t der Gemeinde Sch\u00f6llbronn. Sehensw\u00fcrdigkeiten wie das Waldbad, die Sch\u00f6llbronner M\u00fchle und der Steinbruch bieten nicht nur Erholung, sondern auch historische Einblicke.<\/span><\/p><p>Der Name des Weges<\/p>\t\t\t\t\t\t\t\t<\/div>\n\t\t\t\t<\/div>\n\t\t\t\t<div class=\"elementor-element elementor-element-b2fc91a elementor-widget elementor-widget-text-editor\" data-id=\"b2fc91a\" data-element_type=\"widget\" data-widget_type=\"text-editor.default\">\n\t\t\t\t<div class=\"elementor-widget-container\">\n\t\t\t\t\t\t\t\t\t<p><span style=\"font-style: inherit; font-weight: inherit;\">Der 1990 gegr\u00fcndete Verein NATURERHALTUNG UND HEIMATPFLEGE SCH\u00d6LLBRONN E.V. hat es sich zur Aufgabe gemacht, die nat\u00fcrlich und kulturell gewachsene Landschaft auf der Gemarkung der Ortschaft Sch\u00f6llbronn zu erhalten und Ma\u00dfnahmen zu ergreifen, die geeignet sind, das nat\u00fcrliche Gleichgewicht wieder herzustellen, zu erhalten und zu verbessern. Wer gerne auf Sch\u00f6llbronner Gemarkung wandert hat festgestellt, dass einiges davon in den vergangenen Jahren erreicht wurde.<br \/><\/span><\/p><div><span style=\"font-style: inherit; font-weight: inherit; text-align: center;\">Um diese vorhandene Kulturlandschaft einem gr\u00f6\u00dferen Personenkreis zu erschlie\u00dfen, entstand das Projekt<\/span><\/div>\t\t\t\t\t\t\t\t<\/div>\n\t\t\t\t<\/div>\n\t\t\t\t<div class=\"elementor-element elementor-element-6f44aa4 elementor-widget elementor-widget-text-editor\" data-id=\"6f44aa4\" data-element_type=\"widget\" data-widget_type=\"text-editor.default\">\n\t\t\t\t<div class=\"elementor-widget-container\">\n\t\t\t\t\t\t\t\t\t<p><strong><span style=\"color: #3366ff;\">Wasser<\/span>.<\/strong><strong><span style=\"color: #339966;\">Wald<\/span>.<\/strong><strong><span style=\"color: #ffcc00;\">Wiese<\/span>.<br \/><\/strong><strong>Sch\u00f6llbronner Runde<\/strong><strong>\u00a0mit <span style=\"color: #ff0000;\">Herz<\/span><\/strong><\/p>\t\t\t\t\t\t\t\t<\/div>\n\t\t\t\t<\/div>\n\t\t\t\t<div class=\"elementor-element elementor-element-118ccbd elementor-widget elementor-widget-text-editor\" data-id=\"118ccbd\" data-element_type=\"widget\" data-widget_type=\"text-editor.default\">\n\t\t\t\t<div class=\"elementor-widget-container\">\n\t\t\t\t\t\t\t\t\t<p><span style=\"font-style: inherit; font-weight: inherit;\">steht f\u00fcr die Verbindung des Dorfes Sch\u00f6llbronn mit seiner Landschaft und seiner Geschichte.<\/span><\/p><p><span style=\"font-style: inherit; font-weight: inherit; text-align: left;\">Streckenf\u00fchrung mit Legende:<\/span><\/p>\t\t\t\t\t\t\t\t<\/div>\n\t\t\t\t<\/div>\n\t\t\t\t<div class=\"elementor-element elementor-element-9fdb259 elementor-widget elementor-widget-image\" data-id=\"9fdb259\" data-element_type=\"widget\" data-widget_type=\"image.default\">\n\t\t\t\t<div class=\"elementor-widget-container\">\n\t\t\t\t\t\t\t\t\t\t\t\t<figure class=\"wp-caption\">\n\t\t\t\t\t\t\t\t\t\t\t<a href=\"http:\/\/testnatur.de\/test.testnatur\/wp-content\/uploads\/2025\/10\/Wegeplan-22.09.25_Finale-Abstimmung-mit-SWV_1_mit-Copyright.jpg\" data-elementor-open-lightbox=\"yes\" data-elementor-lightbox-title=\"Wegeplan-22.09.25_Finale Abstimmung mit SWV_1_mit Copyright\" data-e-action-hash=\"#elementor-action%3Aaction%3Dlightbox%26settings%3DeyJpZCI6MjU0MSwidXJsIjoiaHR0cHM6XC9cL3Rlc3RuYXR1ci5kZVwvdGVzdC50ZXN0bmF0dXJcL3dwLWNvbnRlbnRcL3VwbG9hZHNcLzIwMjVcLzEwXC9XZWdlcGxhbi0yMi4wOS4yNV9GaW5hbGUtQWJzdGltbXVuZy1taXQtU1dWXzFfbWl0LUNvcHlyaWdodC5qcGcifQ%3D%3D\">\n\t\t\t\t\t\t\t<img fetchpriority=\"high\" decoding=\"async\" width=\"1024\" height=\"642\" src=\"https:\/\/testnatur.de\/test.testnatur\/wp-content\/uploads\/2025\/10\/Wegeplan-22.09.25_Finale-Abstimmung-mit-SWV_1_mit-Copyright-1024x642.jpg\" class=\"attachment-large size-large wp-image-2541\" alt=\"\" srcset=\"https:\/\/testnatur.de\/test.testnatur\/wp-content\/uploads\/2025\/10\/Wegeplan-22.09.25_Finale-Abstimmung-mit-SWV_1_mit-Copyright-1024x642.jpg 1024w, https:\/\/testnatur.de\/test.testnatur\/wp-content\/uploads\/2025\/10\/Wegeplan-22.09.25_Finale-Abstimmung-mit-SWV_1_mit-Copyright-300x188.jpg 300w, https:\/\/testnatur.de\/test.testnatur\/wp-content\/uploads\/2025\/10\/Wegeplan-22.09.25_Finale-Abstimmung-mit-SWV_1_mit-Copyright-768x482.jpg 768w, https:\/\/testnatur.de\/test.testnatur\/wp-content\/uploads\/2025\/10\/Wegeplan-22.09.25_Finale-Abstimmung-mit-SWV_1_mit-Copyright.jpg 1146w\" sizes=\"(max-width: 1024px) 100vw, 1024px\" \/>\t\t\t\t\t\t\t\t<\/a>\n\t\t\t\t\t\t\t\t\t\t\t<figcaption class=\"widget-image-caption wp-caption-text\"><\/figcaption>\n\t\t\t\t\t\t\t\t\t\t<\/figure>\n\t\t\t\t\t\t\t\t\t<\/div>\n\t\t\t\t<\/div>\n\t\t\t\t<div class=\"elementor-element elementor-element-499a27a elementor-widget elementor-widget-text-editor\" data-id=\"499a27a\" data-element_type=\"widget\" data-widget_type=\"text-editor.default\">\n\t\t\t\t<div class=\"elementor-widget-container\">\n\t\t\t\t\t\t\t\t\t<p>Mit einer L\u00e4nge von 11,5 km bei 200 H\u00f6henmetern sprechen wir von einer leichten bis mittelschweren Wanderstrecke, die bei Bedarf um eine Variante von zus\u00e4tzlichen 1,5 Kilometern mit dann 220 H\u00f6henmetern erg\u00e4nzt werden kann.<\/p>\n<p>Panoramatafeln bieten Einblicke in die geschichtliche, \u00f6kologische und kulturelle Bedeutung des Dorfes und seiner Gemarkung. Eine zeitgem\u00e4\u00dfe digitale Informationsm\u00f6glichkeit wird zus\u00e4tzlich angeboten. Die Anbindung an die Verkehrsinfrastruktur der Region ist ber\u00fccksichtigt.<\/p>\n<p>Viel Freude auf unserer&nbsp;<\/p>\t\t\t\t\t\t\t\t<\/div>\n\t\t\t\t<\/div>\n\t\t\t\t<div class=\"elementor-element elementor-element-05c15a2 elementor-widget elementor-widget-text-editor\" data-id=\"05c15a2\" data-element_type=\"widget\" data-widget_type=\"text-editor.default\">\n\t\t\t\t<div class=\"elementor-widget-container\">\n\t\t\t\t\t\t\t\t\t<p><strong>Sch\u00f6llbronner Runde<\/strong><strong>\u00a0mit <span style=\"color: #ff0000;\">Herz<\/span>!<\/strong><\/p>\t\t\t\t\t\t\t\t<\/div>\n\t\t\t\t<\/div>\n\t\t\t\t\t<\/div>\n\t\t\t\t<\/div>\n\t\t\t\t<\/div>\n\t\t","protected":false},"excerpt":{"rendered":"<p>Herzlich willkommen liebe Natur- und Wanderfreunde. Inzwischen ist die Planungsphase abgeschlossen und das Projekt soll 2026 umgesetzt werden. Freuen Sie sich auf Wasser.Wald.Wiese.Sch\u00f6llbronner Runde\u00a0mit Herz mit dem Ziel, ein zukunftsf\u00e4higes [&hellip;]<\/p>\n","protected":false},"author":2,"featured_media":0,"parent":1567,"menu_order":2,"comment_status":"closed","ping_status":"closed","template":"","meta":{"_uag_custom_page_level_css":"","site-sidebar-layout":"default","site-content-layout":"","ast-site-content-layout":"full-width-container","site-content-style":"boxed","site-sidebar-style":"default","ast-global-header-display":"","ast-banner-title-visibility":"","ast-main-header-display":"","ast-hfb-above-header-display":"","ast-hfb-below-header-display":"","ast-hfb-mobile-header-display":"","site-post-title":"disabled","ast-breadcrumbs-content":"","ast-featured-img":"disabled","footer-sml-layout":"","theme-transparent-header-meta":"","adv-header-id-meta":"","stick-header-meta":"","header-above-stick-meta":"","header-main-stick-meta":"","header-below-stick-meta":"","astra-migrate-meta-layouts":"default","ast-page-background-enabled":"default","ast-page-background-meta":{"desktop":{"background-color":"var(--ast-global-color-5)","background-image":"","background-repeat":"repeat","background-position":"center center","background-size":"auto","background-attachment":"scroll","background-type":"","background-media":"","overlay-type":"","overlay-color":"","overlay-opacity":"","overlay-gradient":""},"tablet":{"background-color":"","background-image":"","background-repeat":"repeat","background-position":"center center","background-size":"auto","background-attachment":"scroll","background-type":"","background-media":"","overlay-type":"","overlay-color":"","overlay-opacity":"","overlay-gradient":""},"mobile":{"background-color":"","background-image":"","background-repeat":"repeat","background-position":"center center","background-size":"auto","background-attachment":"scroll","background-type":"","background-media":"","overlay-type":"","overlay-color":"","overlay-opacity":"","overlay-gradient":""}},"ast-content-background-meta":{"desktop":{"background-color":"var(--ast-global-color-4)","background-image":"","background-repeat":"repeat","background-position":"center center","background-size":"auto","background-attachment":"scroll","background-type":"","background-media":"","overlay-type":"","overlay-color":"","overlay-opacity":"","overlay-gradient":""},"tablet":{"background-color":"var(--ast-global-color-4)","background-image":"","background-repeat":"repeat","background-position":"center center","background-size":"auto","background-attachment":"scroll","background-type":"","background-media":"","overlay-type":"","overlay-color":"","overlay-opacity":"","overlay-gradient":""},"mobile":{"background-color":"var(--ast-global-color-4)","background-image":"","background-repeat":"repeat","background-position":"center center","background-size":"auto","background-attachment":"scroll","background-type":"","background-media":"","overlay-type":"","overlay-color":"","overlay-opacity":"","overlay-gradient":""}},"footnotes":""},"class_list":["post-821","page","type-page","status-publish","hentry"],"yoast_head":"<!-- This site is optimized with the Yoast SEO plugin v25.6 - https:\/\/yoast.com\/wordpress\/plugins\/seo\/ -->\n<title>Sch\u00f6llbronner Runde mit Herz - Naturerhaltung und Heimatpflege Sch\u00f6llbronn e.V.<\/title>\n<meta name=\"robots\" content=\"noindex, follow, max-snippet:-1, max-image-preview:large, max-video-preview:-1\" \/>\n<meta property=\"og:locale\" content=\"de_DE\" \/>\n<meta property=\"og:type\" content=\"article\" \/>\n<meta property=\"og:title\" content=\"Sch\u00f6llbronner Runde mit Herz - Naturerhaltung und Heimatpflege Sch\u00f6llbronn e.V.\" \/>\n<meta property=\"og:description\" content=\"Herzlich willkommen liebe Natur- und Wanderfreunde. Inzwischen ist die Planungsphase abgeschlossen und das Projekt soll 2026 umgesetzt werden. Freuen Sie sich auf Wasser.Wald.Wiese.Sch\u00f6llbronner Runde\u00a0mit Herz mit dem Ziel, ein zukunftsf\u00e4higes [&hellip;]\" \/>\n<meta property=\"og:url\" content=\"http:\/\/testnatur.de\/test.testnatur\/wanderwege\/runde-mit-herz\/\" \/>\n<meta property=\"og:site_name\" content=\"Naturerhaltung und Heimatpflege Sch\u00f6llbronn e.V.\" \/>\n<meta property=\"article:modified_time\" content=\"2025-10-20T11:58:30+00:00\" \/>\n<meta property=\"og:image\" content=\"http:\/\/testnatur.de\/test.testnatur\/wp-content\/uploads\/2025\/10\/Wegeplan-22.09.25_Finale-Abstimmung-mit-SWV_1_mit-Copyright-1024x642.jpg\" \/>\n<meta name=\"twitter:card\" content=\"summary_large_image\" \/>\n<meta name=\"twitter:label1\" content=\"Gesch\u00e4tzte Lesezeit\" \/>\n\t<meta name=\"twitter:data1\" content=\"3\u00a0Minuten\" \/>\n<script type=\"application\/ld+json\" class=\"yoast-schema-graph\">{\"@context\":\"https:\/\/schema.org\",\"@graph\":[{\"@type\":\"WebPage\",\"@id\":\"http:\/\/testnatur.de\/test.testnatur\/wanderwege\/runde-mit-herz\/\",\"url\":\"http:\/\/testnatur.de\/test.testnatur\/wanderwege\/runde-mit-herz\/\",\"name\":\"Sch\u00f6llbronner Runde mit Herz - Naturerhaltung und Heimatpflege Sch\u00f6llbronn e.V.\",\"isPartOf\":{\"@id\":\"http:\/\/testnatur.de\/test.testnatur\/#website\"},\"primaryImageOfPage\":{\"@id\":\"http:\/\/testnatur.de\/test.testnatur\/wanderwege\/runde-mit-herz\/#primaryimage\"},\"image\":{\"@id\":\"http:\/\/testnatur.de\/test.testnatur\/wanderwege\/runde-mit-herz\/#primaryimage\"},\"thumbnailUrl\":\"http:\/\/testnatur.de\/test.testnatur\/wp-content\/uploads\/2025\/10\/Wegeplan-22.09.25_Finale-Abstimmung-mit-SWV_1_mit-Copyright-1024x642.jpg\",\"datePublished\":\"2025-05-29T10:15:49+00:00\",\"dateModified\":\"2025-10-20T11:58:30+00:00\",\"breadcrumb\":{\"@id\":\"http:\/\/testnatur.de\/test.testnatur\/wanderwege\/runde-mit-herz\/#breadcrumb\"},\"inLanguage\":\"de\",\"potentialAction\":[{\"@type\":\"ReadAction\",\"target\":[\"http:\/\/testnatur.de\/test.testnatur\/wanderwege\/runde-mit-herz\/\"]}]},{\"@type\":\"ImageObject\",\"inLanguage\":\"de\",\"@id\":\"http:\/\/testnatur.de\/test.testnatur\/wanderwege\/runde-mit-herz\/#primaryimage\",\"url\":\"https:\/\/testnatur.de\/test.testnatur\/wp-content\/uploads\/2025\/10\/Wegeplan-22.09.25_Finale-Abstimmung-mit-SWV_1_mit-Copyright.jpg\",\"contentUrl\":\"https:\/\/testnatur.de\/test.testnatur\/wp-content\/uploads\/2025\/10\/Wegeplan-22.09.25_Finale-Abstimmung-mit-SWV_1_mit-Copyright.jpg\",\"width\":1146,\"height\":719},{\"@type\":\"BreadcrumbList\",\"@id\":\"http:\/\/testnatur.de\/test.testnatur\/wanderwege\/runde-mit-herz\/#breadcrumb\",\"itemListElement\":[{\"@type\":\"ListItem\",\"position\":1,\"name\":\"Startseite\",\"item\":\"http:\/\/testnatur.de\/test.testnatur\/\"},{\"@type\":\"ListItem\",\"position\":2,\"name\":\"Wanderwege\",\"item\":\"http:\/\/testnatur.de\/test.testnatur\/wanderwege\/\"},{\"@type\":\"ListItem\",\"position\":3,\"name\":\"Sch\u00f6llbronner Runde mit Herz\"}]},{\"@type\":\"WebSite\",\"@id\":\"http:\/\/testnatur.de\/test.testnatur\/#website\",\"url\":\"http:\/\/testnatur.de\/test.testnatur\/\",\"name\":\"Naturerhaltung und Heimatpflege Sch\u00f6llbronn e.V.\",\"description\":\"Zeit f\u00fcr die Natur\",\"publisher\":{\"@id\":\"http:\/\/testnatur.de\/test.testnatur\/#organization\"},\"potentialAction\":[{\"@type\":\"SearchAction\",\"target\":{\"@type\":\"EntryPoint\",\"urlTemplate\":\"http:\/\/testnatur.de\/test.testnatur\/?s={search_term_string}\"},\"query-input\":{\"@type\":\"PropertyValueSpecification\",\"valueRequired\":true,\"valueName\":\"search_term_string\"}}],\"inLanguage\":\"de\"},{\"@type\":\"Organization\",\"@id\":\"http:\/\/testnatur.de\/test.testnatur\/#organization\",\"name\":\"Naturerhaltung und Heimatpflege Sch\u00f6llbronn e.V.\",\"url\":\"http:\/\/testnatur.de\/test.testnatur\/\",\"logo\":{\"@type\":\"ImageObject\",\"inLanguage\":\"de\",\"@id\":\"http:\/\/testnatur.de\/test.testnatur\/#\/schema\/logo\/image\/\",\"url\":\"https:\/\/testnatur.de\/test.testnatur\/wp-content\/uploads\/2025\/07\/cropped-cropped-cropped-Unbenannt.png\",\"contentUrl\":\"https:\/\/testnatur.de\/test.testnatur\/wp-content\/uploads\/2025\/07\/cropped-cropped-cropped-Unbenannt.png\",\"width\":512,\"height\":512,\"caption\":\"Naturerhaltung und Heimatpflege Sch\u00f6llbronn e.V.\"},\"image\":{\"@id\":\"http:\/\/testnatur.de\/test.testnatur\/#\/schema\/logo\/image\/\"}}]}<\/script>\n<!-- \/ Yoast SEO plugin. -->","yoast_head_json":{"title":"Sch\u00f6llbronner Runde mit Herz - Naturerhaltung und Heimatpflege Sch\u00f6llbronn e.V.","robots":{"index":"noindex","follow":"follow","max-snippet":"max-snippet:-1","max-image-preview":"max-image-preview:large","max-video-preview":"max-video-preview:-1"},"og_locale":"de_DE","og_type":"article","og_title":"Sch\u00f6llbronner Runde mit Herz - Naturerhaltung und Heimatpflege Sch\u00f6llbronn e.V.","og_description":"Herzlich willkommen liebe Natur- und Wanderfreunde. Inzwischen ist die Planungsphase abgeschlossen und das Projekt soll 2026 umgesetzt werden. Freuen Sie sich auf Wasser.Wald.Wiese.Sch\u00f6llbronner Runde\u00a0mit Herz mit dem Ziel, ein zukunftsf\u00e4higes [&hellip;]","og_url":"http:\/\/testnatur.de\/test.testnatur\/wanderwege\/runde-mit-herz\/","og_site_name":"Naturerhaltung und Heimatpflege Sch\u00f6llbronn e.V.","article_modified_time":"2025-10-20T11:58:30+00:00","og_image":[{"url":"http:\/\/testnatur.de\/test.testnatur\/wp-content\/uploads\/2025\/10\/Wegeplan-22.09.25_Finale-Abstimmung-mit-SWV_1_mit-Copyright-1024x642.jpg","type":"","width":"","height":""}],"twitter_card":"summary_large_image","twitter_misc":{"Gesch\u00e4tzte Lesezeit":"3\u00a0Minuten"},"schema":{"@context":"https:\/\/schema.org","@graph":[{"@type":"WebPage","@id":"http:\/\/testnatur.de\/test.testnatur\/wanderwege\/runde-mit-herz\/","url":"http:\/\/testnatur.de\/test.testnatur\/wanderwege\/runde-mit-herz\/","name":"Sch\u00f6llbronner Runde mit Herz - Naturerhaltung und Heimatpflege Sch\u00f6llbronn e.V.","isPartOf":{"@id":"http:\/\/testnatur.de\/test.testnatur\/#website"},"primaryImageOfPage":{"@id":"http:\/\/testnatur.de\/test.testnatur\/wanderwege\/runde-mit-herz\/#primaryimage"},"image":{"@id":"http:\/\/testnatur.de\/test.testnatur\/wanderwege\/runde-mit-herz\/#primaryimage"},"thumbnailUrl":"http:\/\/testnatur.de\/test.testnatur\/wp-content\/uploads\/2025\/10\/Wegeplan-22.09.25_Finale-Abstimmung-mit-SWV_1_mit-Copyright-1024x642.jpg","datePublished":"2025-05-29T10:15:49+00:00","dateModified":"2025-10-20T11:58:30+00:00","breadcrumb":{"@id":"http:\/\/testnatur.de\/test.testnatur\/wanderwege\/runde-mit-herz\/#breadcrumb"},"inLanguage":"de","potentialAction":[{"@type":"ReadAction","target":["http:\/\/testnatur.de\/test.testnatur\/wanderwege\/runde-mit-herz\/"]}]},{"@type":"ImageObject","inLanguage":"de","@id":"http:\/\/testnatur.de\/test.testnatur\/wanderwege\/runde-mit-herz\/#primaryimage","url":"https:\/\/testnatur.de\/test.testnatur\/wp-content\/uploads\/2025\/10\/Wegeplan-22.09.25_Finale-Abstimmung-mit-SWV_1_mit-Copyright.jpg","contentUrl":"https:\/\/testnatur.de\/test.testnatur\/wp-content\/uploads\/2025\/10\/Wegeplan-22.09.25_Finale-Abstimmung-mit-SWV_1_mit-Copyright.jpg","width":1146,"height":719},{"@type":"BreadcrumbList","@id":"http:\/\/testnatur.de\/test.testnatur\/wanderwege\/runde-mit-herz\/#breadcrumb","itemListElement":[{"@type":"ListItem","position":1,"name":"Startseite","item":"http:\/\/testnatur.de\/test.testnatur\/"},{"@type":"ListItem","position":2,"name":"Wanderwege","item":"http:\/\/testnatur.de\/test.testnatur\/wanderwege\/"},{"@type":"ListItem","position":3,"name":"Sch\u00f6llbronner Runde mit Herz"}]},{"@type":"WebSite","@id":"http:\/\/testnatur.de\/test.testnatur\/#website","url":"http:\/\/testnatur.de\/test.testnatur\/","name":"Naturerhaltung und Heimatpflege Sch\u00f6llbronn e.V.","description":"Zeit f\u00fcr die Natur","publisher":{"@id":"http:\/\/testnatur.de\/test.testnatur\/#organization"},"potentialAction":[{"@type":"SearchAction","target":{"@type":"EntryPoint","urlTemplate":"http:\/\/testnatur.de\/test.testnatur\/?s={search_term_string}"},"query-input":{"@type":"PropertyValueSpecification","valueRequired":true,"valueName":"search_term_string"}}],"inLanguage":"de"},{"@type":"Organization","@id":"http:\/\/testnatur.de\/test.testnatur\/#organization","name":"Naturerhaltung und Heimatpflege Sch\u00f6llbronn e.V.","url":"http:\/\/testnatur.de\/test.testnatur\/","logo":{"@type":"ImageObject","inLanguage":"de","@id":"http:\/\/testnatur.de\/test.testnatur\/#\/schema\/logo\/image\/","url":"https:\/\/testnatur.de\/test.testnatur\/wp-content\/uploads\/2025\/07\/cropped-cropped-cropped-Unbenannt.png","contentUrl":"https:\/\/testnatur.de\/test.testnatur\/wp-content\/uploads\/2025\/07\/cropped-cropped-cropped-Unbenannt.png","width":512,"height":512,"caption":"Naturerhaltung und Heimatpflege Sch\u00f6llbronn e.V."},"image":{"@id":"http:\/\/testnatur.de\/test.testnatur\/#\/schema\/logo\/image\/"}}]}},"uagb_featured_image_src":{"full":false,"thumbnail":false,"medium":false,"medium_large":false,"large":false,"1536x1536":false,"2048x2048":false},"uagb_author_info":{"display_name":"ThMinRi","author_link":"https:\/\/testnatur.de\/test.testnatur\/author\/thminri\/"},"uagb_comment_info":0,"uagb_excerpt":"Herzlich willkommen liebe Natur- und Wanderfreunde. Inzwischen ist die Planungsphase abgeschlossen und das Projekt soll 2026 umgesetzt werden. Freuen Sie sich auf Wasser.Wald.Wiese.Sch\u00f6llbronner Runde\u00a0mit Herz mit dem Ziel, ein zukunftsf\u00e4higes [&hellip;]","_links":{"self":[{"href":"https:\/\/testnatur.de\/test.testnatur\/wp-json\/wp\/v2\/pages\/821","targetHints":{"allow":["GET"]}}],"collection":[{"href":"https:\/\/testnatur.de\/test.testnatur\/wp-json\/wp\/v2\/pages"}],"about":[{"href":"https:\/\/testnatur.de\/test.testnatur\/wp-json\/wp\/v2\/types\/page"}],"author":[{"embeddable":true,"href":"https:\/\/testnatur.de\/test.testnatur\/wp-json\/wp\/v2\/users\/2"}],"replies":[{"embeddable":true,"href":"https:\/\/testnatur.de\/test.testnatur\/wp-json\/wp\/v2\/comments?post=821"}],"version-history":[{"count":81,"href":"https:\/\/testnatur.de\/test.testnatur\/wp-json\/wp\/v2\/pages\/821\/revisions"}],"predecessor-version":[{"id":2544,"href":"https:\/\/testnatur.de\/test.testnatur\/wp-json\/wp\/v2\/pages\/821\/revisions\/2544"}],"up":[{"embeddable":true,"href":"https:\/\/testnatur.de\/test.testnatur\/wp-json\/wp\/v2\/pages\/1567"}],"wp:attachment":[{"href":"https:\/\/testnatur.de\/test.testnatur\/wp-json\/wp\/v2\/media?parent=821"}],"curies":[{"name":"wp","href":"https:\/\/api.w.org\/{rel}","templated":true}]}}